{"id":7571,"date":"2026-02-05T16:13:53","date_gmt":"2026-02-05T14:13:53","guid":{"rendered":"https:\/\/www.forss.ee\/?page_id=7571"},"modified":"2026-02-05T16:14:22","modified_gmt":"2026-02-05T14:14:22","slug":"tavaran-palautus","status":"publish","type":"page","link":"https:\/\/www.forss.ee\/fi\/kliendiinfo\/tavaran-palautus\/","title":{"rendered":"Tavaran palautus"},"content":{"rendered":"<p><span style=\"font-size: 18px;\"><strong>Tavaran palautus ja sopimuksesta peruuttaminen<\/strong><\/span><\/p>\n<p style=\"text-align: justify;\"><strong>1. Kuluttajakaupan tapauksessa (lukuun ottamatta s\u00e4hk\u00f6isen viestint\u00e4v\u00e4lineen avulla tehtyj\u00e4 sopimuksia) Forss O\u00dc ei p\u00e4\u00e4s\u00e4\u00e4nt\u00f6isesti osta takaisin sopimuksen ehtoja vastaavia tavaroita.<\/strong><\/p>\n<p style=\"text-align: justify;\"><strong>2. Sopimuksesta peruuttaminen s\u00e4hk\u00f6isen viestint\u00e4v\u00e4lineen avulla tehdyn sopimuksen tapauksessa<br \/>\n<\/strong><br \/>\n2.1. Forssin verkkotilausj\u00e4rjestelm\u00e4n kautta tai muun s\u00e4hk\u00f6isen viestint\u00e4v\u00e4lineen avulla tehdyn kaupan tapauksessa kuluttajalla on oikeus peruuttaa sopimus 14 p\u00e4iv\u00e4n kuluessa ilman perusteluja ja palauttaa tavara. T\u00e4ss\u00e4 yhteydess\u00e4 kuluttajalla tarkoitetaan luonnollista henkil\u00f6\u00e4, joka k\u00e4ytt\u00e4\u00e4 Forss O\u00dc:n palveluja tai ostaa Forss O\u00dc:lt\u00e4 tavaroita muuhun kuin omaan taloudelliseen tai ammatilliseen toimintaansa.<br \/>\n2.2. Peruuttamisaika p\u00e4\u00e4ttyy 14 p\u00e4iv\u00e4n kuluttua siit\u00e4 p\u00e4iv\u00e4st\u00e4, jona kuluttaja tai h\u00e4nen nime\u00e4m\u00e4ns\u00e4 kolmas henkil\u00f6, joka ei ole kuljetuksen suorittaja, on saanut tavaran fyysisesti haltuunsa.<br \/>\n2.3. Kuluttaja voi k\u00e4ytt\u00e4\u00e4 peruuttamiseen liitteen\u00e4 olevaa peruuttamislomaketta, mutta sen k\u00e4ytt\u00f6 ei ole pakollista.<br \/>\n2.4. Peruuttamisoikeuden k\u00e4ytt\u00e4miseksi kuluttajan on ilmoitettava Forss O\u00dc:lle p\u00e4\u00e4t\u00f6ksest\u00e4\u00e4n peruuttaa sopimus yksiselitteisell\u00e4 kirjallisella ilmoituksella, joka on toimitettava Forss O\u00dc:n toimipisteeseen tai l\u00e4hetett\u00e4v\u00e4 s\u00e4hk\u00f6postitse digitaalisesti allekirjoitettuna.<br \/>\n2.5. Forss O\u00dc:n yhteystiedot: Mooni 30, TALLINNA 10615 Forssin toimipisteet: tiedot verkkosivulla www.forss.ee S\u00e4hk\u00f6postiosoite: info@forss.ee<br \/>\n2.6. Peruuttamisajan noudattamiseksi riitt\u00e4\u00e4, ett\u00e4 kuluttaja l\u00e4hett\u00e4\u00e4 ilmoituksen peruuttamisoikeuden k\u00e4ytt\u00e4misest\u00e4 ennen peruuttamisajan p\u00e4\u00e4ttymist\u00e4.<br \/>\n2.7. Lain mukaan kuluttajalla ei ole peruuttamisoikeutta muun muassa seuraavissa tapauksissa:<br \/>\n2.7.1. jos sopimuksen kohteena olevaa tavaraa ei ole palautettu alkuper\u00e4ispakkauksessa (pakkaus voi olla avattu, mutta ei vahingoittunut) ja alkuper\u00e4isess\u00e4 t\u00e4ydellisyydess\u00e4;<br \/>\n2.7.2. jos tuotetta on k\u00e4ytetty muulla tavalla kuin on tarpeen tavaran luonteen, ominaisuuksien ja toimivuuden toteamiseksi. (Tavaran luonteen, ominaisuuksien ja toimivuuden toteamiseksi sit\u00e4 saa k\u00e4sitell\u00e4 ja k\u00e4ytt\u00e4\u00e4 vain siten kuin se on tavanomaisesti sallittua myym\u00e4l\u00e4ss\u00e4.)<br \/>\n2.8. Tavaran palauttamisesta aiheutuvat v\u00e4litt\u00f6m\u00e4t kulut ovat kuluttajan vastuulla.<br \/>\n2.9. Sopimuksen peruuttamisen yhteydess\u00e4 Forss O\u00dc palauttaa kuluttajalle kaikki sopimuksen mukaisesti saadut maksut, mukaan lukien toimituskulut (lukuun ottamatta lis\u00e4kuluja, jotka aiheutuvat kuluttajan valitsemasta toimitustavasta, jos se poikkeaa Forss O\u00dc:n tarjoamasta edullisimmasta toimitustavasta), viimeist\u00e4\u00e4n 14 p\u00e4iv\u00e4n kuluessa siit\u00e4, kun elinkeinonharjoittaja on saanut tiedon kuluttajan p\u00e4\u00e4t\u00f6ksest\u00e4 peruuttaa sopimus.<br \/>\n2.10. Forss O\u00dc suorittaa palautukset k\u00e4ytt\u00e4en samaa maksutapaa, jota kuluttaja k\u00e4ytti alkuper\u00e4isess\u00e4 maksutapahtumassa, ellei kuluttaja ole nimenomaisesti suostunut toisen maksutavan k\u00e4ytt\u00f6\u00f6n. Palautuksesta ei aiheudu kuluttajalle palvelumaksuja eik\u00e4 muita kuluja.<br \/>\n2.11. Kuluttajan on palautettava tavara Forss O\u00dc:lle viimeist\u00e4\u00e4n 14 p\u00e4iv\u00e4n kuluessa siit\u00e4 p\u00e4iv\u00e4st\u00e4, jona h\u00e4n ilmoitti sopimuksen peruuttamisesta. M\u00e4\u00e4r\u00e4aikaa on noudatettu, jos kuluttaja palauttaa tavaran ennen 14 p\u00e4iv\u00e4n m\u00e4\u00e4r\u00e4ajan p\u00e4\u00e4ttymist\u00e4.<br \/>\n2.12. Forss O\u00dc:ll\u00e4 on oikeus pid\u00e4tt\u00e4yty\u00e4 maksujen palauttamisesta, kunnes se on saanut sopimuksen kohteena olevan tavaran takaisin tai kunnes kuluttaja on esitt\u00e4nyt todisteet tavaran palauttamisesta \u2014 riippuen siit\u00e4, kumpi tapahtuu ensin.<\/p>\n<p style=\"text-align: justify;\"><strong>3. Tavaran palauttaminen oikeushenkil\u00f6ilt\u00e4, jotka toimivat taloudellisessa tai ammatillisessa toiminnassaan<\/strong><\/p>\n<p>3.1. Tavaran palautus tapahtuu asianmukaisesti t\u00e4ytetyn palautuslomakkeen perusteella. Palautuslomakkeessa on ehdottomasti ilmoitettava tavaran palautuksen syy. Palautusasiakirja on saatavilla t\u00e4m\u00e4n sivun alaosassa.<br \/>\n3.2. Puutteellisesti t\u00e4ytetyll\u00e4 palautuslomakkeella palautetusta tavarasta ei makseta korvausta tai enint\u00e4\u00e4n 30 % tavaran hinnasta voidaan pid\u00e4tt\u00e4\u00e4.<br \/>\n3.3. Palautettavan tavaran pakkauksen on oltava ehj\u00e4 ja puhdas. Pakkaukseen ei saa kirjoittaa, eik\u00e4 siihen saa kiinnitt\u00e4\u00e4 teippi\u00e4 suoraan. Tuotteen kaupallinen ulkon\u00e4k\u00f6 on s\u00e4ilytett\u00e4v\u00e4 t\u00e4ysin.<br \/>\n3.4. Jo asennettuja varaosia ei osteta takaisin.<br \/>\n3.5. Forss O\u00dc ei ole velvollinen ostamaan takaisin hitaasti liikkuvia tuotteita, jotka on tilaajalle erikseen tilattu tehtaalta tai ulkomaisilta toimittajilta.<br \/>\n3.6. Forss O\u00dc pid\u00e4tt\u00e4\u00e4 itselleen oikeuden pid\u00e4tt\u00e4\u00e4 enint\u00e4\u00e4n 30 % tavaran hinnasta, jos asiakas palauttaa virheellisesti tilaamansa tavaran.<\/p>\n<p><strong>4. Runkojen (korpusten) palautus<\/strong><\/p>\n<p>4.1. Palautettavat rungot on palautettava 10 p\u00e4iv\u00e4n kuluessa.<br \/>\n4.2. Palautettavan osan on oltava ulkoisesti ehj\u00e4, perusteellisesti puhdistettu, ja sen on vastattava samaa t\u00e4ydellisyytt\u00e4 kuin uusi osa.<br \/>\n4.3. Starttimoottorin ja generaattorin kiinnityskorvakkeiden on oltava ehj\u00e4t eik\u00e4 niit\u00e4 saa olla hitsattu. Starttimoottorin roottorin p\u00e4\u00e4 ei saa olla sininen.<br \/>\n4.4. Ohjausvaihteen hammastanko ei saa olla hapettunut eik\u00e4 vaurioitunut.<br \/>\n4.5. Vanha osa on asetettava samaan pakkaukseen, jossa uusi osa ostettiin.<br \/>\n4.6. Edell\u00e4 mainittujen puutteiden ilmetess\u00e4 palautettavan rungon hinnan hyvityst\u00e4 ei voida taata.<\/p>\n","protected":false},"excerpt":{"rendered":"<p>Tavaran palautus ja sopimuksesta peruuttaminen 1. Kuluttajakaupan tapauksessa (lukuun ottamatta s\u00e4hk\u00f6isen viestint\u00e4v\u00e4lineen avulla tehtyj\u00e4 sopimuksia) Forss O\u00dc ei p\u00e4\u00e4s\u00e4\u00e4nt\u00f6isesti osta takaisin sopimuksen ehtoja vastaavia tavaroita&#8230;.<\/p>\n","protected":false},"author":1,"featured_media":0,"parent":387,"menu_order":20,"comment_status":"closed","ping_status":"closed","template":"","meta":{"_acf_changed":false,"_monsterinsights_skip_tracking":false,"_monsterinsights_sitenote_active":false,"_monsterinsights_sitenote_note":"","_monsterinsights_sitenote_category":0,"footnotes":"","_links_to":"","_links_to_target":""},"class_list":["post-7571","page","type-page","status-publish","hentry"],"acf":[],"yoast_head":"<!-- This site is optimized with the Yoast SEO plugin v27.2 - https:\/\/yoast.com\/product\/yoast-seo-wordpress\/ -->\n<title>Tavaran palautus - Forss<\/title>\n<meta name=\"robots\" content=\"index, follow, max-snippet:-1, max-image-preview:large, max-video-preview:-1\" \/>\n<link rel=\"canonical\" href=\"https:\/\/www.forss.ee\/fi\/kliendiinfo\/tavaran-palautus\/\" \/>\n<meta property=\"og:locale\" content=\"fi_FI\" \/>\n<meta property=\"og:type\" content=\"article\" \/>\n<meta property=\"og:title\" content=\"Tavaran palautus - Forss\" \/>\n<meta property=\"og:description\" content=\"Tavaran palautus ja sopimuksesta peruuttaminen 1. Kuluttajakaupan tapauksessa (lukuun ottamatta s\u00e4hk\u00f6isen viestint\u00e4v\u00e4lineen avulla tehtyj\u00e4 sopimuksia) Forss O\u00dc ei p\u00e4\u00e4s\u00e4\u00e4nt\u00f6isesti osta takaisin sopimuksen ehtoja vastaavia tavaroita....\" \/>\n<meta property=\"og:url\" content=\"https:\/\/www.forss.ee\/fi\/kliendiinfo\/tavaran-palautus\/\" \/>\n<meta property=\"og:site_name\" content=\"Forss\" \/>\n<meta property=\"article:modified_time\" content=\"2026-02-05T14:14:22+00:00\" \/>\n<meta name=\"twitter:label1\" content=\"Arvioitu lukuaika\" \/>\n\t<meta name=\"twitter:data1\" content=\"4 minuuttia\" \/>\n<script type=\"application\/ld+json\" class=\"yoast-schema-graph\">{\"@context\":\"https:\/\/schema.org\",\"@graph\":[{\"@type\":\"WebPage\",\"@id\":\"https:\/\/www.forss.ee\/fi\/kliendiinfo\/tavaran-palautus\/\",\"url\":\"https:\/\/www.forss.ee\/fi\/kliendiinfo\/tavaran-palautus\/\",\"name\":\"Tavaran palautus - Forss\",\"isPartOf\":{\"@id\":\"https:\/\/www.forss.ee\/#website\"},\"datePublished\":\"2026-02-05T14:13:53+00:00\",\"dateModified\":\"2026-02-05T14:14:22+00:00\",\"breadcrumb\":{\"@id\":\"https:\/\/www.forss.ee\/fi\/kliendiinfo\/tavaran-palautus\/#breadcrumb\"},\"inLanguage\":\"fi\",\"potentialAction\":[{\"@type\":\"ReadAction\",\"target\":[\"https:\/\/www.forss.ee\/fi\/kliendiinfo\/tavaran-palautus\/\"]}]},{\"@type\":\"BreadcrumbList\",\"@id\":\"https:\/\/www.forss.ee\/fi\/kliendiinfo\/tavaran-palautus\/#breadcrumb\",\"itemListElement\":[{\"@type\":\"ListItem\",\"position\":1,\"name\":\"Home\",\"item\":\"https:\/\/www.forss.ee\/fi\/\"},{\"@type\":\"ListItem\",\"position\":2,\"name\":\"Asiakastiedot\",\"item\":\"https:\/\/www.forss.ee\/fi\/kliendiinfo\/\"},{\"@type\":\"ListItem\",\"position\":3,\"name\":\"Tavaran palautus\"}]},{\"@type\":\"WebSite\",\"@id\":\"https:\/\/www.forss.ee\/#website\",\"url\":\"https:\/\/www.forss.ee\/\",\"name\":\"Forss\",\"description\":\"Forss: autospordi kogemusega meeskond\",\"potentialAction\":[{\"@type\":\"SearchAction\",\"target\":{\"@type\":\"EntryPoint\",\"urlTemplate\":\"https:\/\/www.forss.ee\/?s={search_term_string}\"},\"query-input\":{\"@type\":\"PropertyValueSpecification\",\"valueRequired\":true,\"valueName\":\"search_term_string\"}}],\"inLanguage\":\"fi\"}]}<\/script>\n<!-- \/ Yoast SEO plugin. -->","yoast_head_json":{"title":"Tavaran palautus - Forss","robots":{"index":"index","follow":"follow","max-snippet":"max-snippet:-1","max-image-preview":"max-image-preview:large","max-video-preview":"max-video-preview:-1"},"canonical":"https:\/\/www.forss.ee\/fi\/kliendiinfo\/tavaran-palautus\/","og_locale":"fi_FI","og_type":"article","og_title":"Tavaran palautus - Forss","og_description":"Tavaran palautus ja sopimuksesta peruuttaminen 1. Kuluttajakaupan tapauksessa (lukuun ottamatta s\u00e4hk\u00f6isen viestint\u00e4v\u00e4lineen avulla tehtyj\u00e4 sopimuksia) Forss O\u00dc ei p\u00e4\u00e4s\u00e4\u00e4nt\u00f6isesti osta takaisin sopimuksen ehtoja vastaavia tavaroita....","og_url":"https:\/\/www.forss.ee\/fi\/kliendiinfo\/tavaran-palautus\/","og_site_name":"Forss","article_modified_time":"2026-02-05T14:14:22+00:00","twitter_misc":{"Arvioitu lukuaika":"4 minuuttia"},"schema":{"@context":"https:\/\/schema.org","@graph":[{"@type":"WebPage","@id":"https:\/\/www.forss.ee\/fi\/kliendiinfo\/tavaran-palautus\/","url":"https:\/\/www.forss.ee\/fi\/kliendiinfo\/tavaran-palautus\/","name":"Tavaran palautus - Forss","isPartOf":{"@id":"https:\/\/www.forss.ee\/#website"},"datePublished":"2026-02-05T14:13:53+00:00","dateModified":"2026-02-05T14:14:22+00:00","breadcrumb":{"@id":"https:\/\/www.forss.ee\/fi\/kliendiinfo\/tavaran-palautus\/#breadcrumb"},"inLanguage":"fi","potentialAction":[{"@type":"ReadAction","target":["https:\/\/www.forss.ee\/fi\/kliendiinfo\/tavaran-palautus\/"]}]},{"@type":"BreadcrumbList","@id":"https:\/\/www.forss.ee\/fi\/kliendiinfo\/tavaran-palautus\/#breadcrumb","itemListElement":[{"@type":"ListItem","position":1,"name":"Home","item":"https:\/\/www.forss.ee\/fi\/"},{"@type":"ListItem","position":2,"name":"Asiakastiedot","item":"https:\/\/www.forss.ee\/fi\/kliendiinfo\/"},{"@type":"ListItem","position":3,"name":"Tavaran palautus"}]},{"@type":"WebSite","@id":"https:\/\/www.forss.ee\/#website","url":"https:\/\/www.forss.ee\/","name":"Forss","description":"Forss: autospordi kogemusega meeskond","potentialAction":[{"@type":"SearchAction","target":{"@type":"EntryPoint","urlTemplate":"https:\/\/www.forss.ee\/?s={search_term_string}"},"query-input":{"@type":"PropertyValueSpecification","valueRequired":true,"valueName":"search_term_string"}}],"inLanguage":"fi"}]}},"_links":{"self":[{"href":"https:\/\/www.forss.ee\/fi\/wp-json\/wp\/v2\/pages\/7571","targetHints":{"allow":["GET"]}}],"collection":[{"href":"https:\/\/www.forss.ee\/fi\/wp-json\/wp\/v2\/pages"}],"about":[{"href":"https:\/\/www.forss.ee\/fi\/wp-json\/wp\/v2\/types\/page"}],"author":[{"embeddable":true,"href":"https:\/\/www.forss.ee\/fi\/wp-json\/wp\/v2\/users\/1"}],"replies":[{"embeddable":true,"href":"https:\/\/www.forss.ee\/fi\/wp-json\/wp\/v2\/comments?post=7571"}],"version-history":[{"count":4,"href":"https:\/\/www.forss.ee\/fi\/wp-json\/wp\/v2\/pages\/7571\/revisions"}],"predecessor-version":[{"id":7621,"href":"https:\/\/www.forss.ee\/fi\/wp-json\/wp\/v2\/pages\/7571\/revisions\/7621"}],"up":[{"embeddable":true,"href":"https:\/\/www.forss.ee\/fi\/wp-json\/wp\/v2\/pages\/387"}],"wp:attachment":[{"href":"https:\/\/www.forss.ee\/fi\/wp-json\/wp\/v2\/media?parent=7571"}],"curies":[{"name":"wp","href":"https:\/\/api.w.org\/{rel}","templated":true}]}}