{"id":7561,"date":"2026-02-05T16:07:03","date_gmt":"2026-02-05T14:07:03","guid":{"rendered":"https:\/\/www.forss.ee\/?page_id=7561"},"modified":"2026-03-31T11:37:00","modified_gmt":"2026-03-31T08:37:00","slug":"myyntiehdot","status":"publish","type":"page","link":"https:\/\/www.forss.ee\/fi\/kliendiinfo\/myyntiehdot\/","title":{"rendered":"Myyntiehdot"},"content":{"rendered":"<p style=\"text-align: justify;\"><span style=\"font-size: 16px;\"><strong>Forss O\u00dc myyntiehdot<\/strong><\/span><\/p>\n<p><strong>1. Yleiset m\u00e4\u00e4r\u00e4ykset<\/strong><\/p>\n<p style=\"text-align: justify;\">1.1. Forss O\u00dc (j\u00e4ljemp\u00e4n\u00e4 &#8221;Myyj\u00e4&#8221;) myy yksityisille ja oikeushenkil\u00f6ille (j\u00e4ljemp\u00e4n\u00e4 &#8221;Ostaja&#8221;) autojen varaosia ja tarvikkeita (j\u00e4ljemp\u00e4n\u00e4 &#8221;Tavarat&#8221;) Forss-br\u00e4ndin myym\u00e4l\u00f6iss\u00e4 osoitteissa Aardla 23c Tartto, Mooni tn 30 Tallinna, T\u00e4hesaju tee 7 Tallinna ja Allika tee 12 Peetri, Rae kunta, Harjumaa, sek\u00e4 verkkokaupoissa osoitteissa forss.ee ja forss24.ee. Myyj\u00e4 tarjoaa my\u00f6s autojen huolto- ja korjauspalveluja (j\u00e4ljemp\u00e4n\u00e4 &#8221;Palvelut&#8221;) samoissa toimipisteiss\u00e4 Ostajan tilausten mukaisesti.<br \/>\n1.2. Ostaja sitoutuu maksamaan Tavaroista ja Palveluista n\u00e4iden myyntiehtojen sek\u00e4 Myyj\u00e4n toimittaman laskun ehtojen mukaisesti.<br \/>\n1.3. N\u00e4m\u00e4 myyntiehdot muodostavat erottamattoman osan Myyj\u00e4n ja Ostajan v\u00e4list\u00e4 kauppasopimusta ja Ostajan tekem\u00e4\u00e4 tilausta.<br \/>\n1.4. Myyntiehdot on julkaistu ja saatavilla Myyj\u00e4n verkkosivustolla sek\u00e4 kaikissa toimipisteiss\u00e4.<\/p>\n<p style=\"text-align: justify;\"><strong>2. Tavaroiden ja palveluiden hinnat<\/strong><\/p>\n<p style=\"text-align: justify;\">2.1. Tavaroiden ja Palveluiden hinnoittelun perusteena on Myyj\u00e4n hinnasto, joka on n\u00e4ht\u00e4viss\u00e4 toimipisteiss\u00e4 ja Myyj\u00e4n verkkosivustolla forss.ee. Verkkokaupassa ilmoitetut hinnat on esitetty tuotekohtaisesti. Toimituskulut voivat lis\u00e4t\u00e4 hintaa. Tilauksen tekohetkell\u00e4 voimassa olevia hintoja sovelletaan, ellei toisin sovita. Kaikki hinnat on ilmoitettu euroina ja ne sis\u00e4lt\u00e4v\u00e4t arvonlis\u00e4veron, ellei toisin mainita.<br \/>\n2.2. Mahdolliset alennukset ja hinnanmuutokset sovitaan erikseen, ne ovat luottamuksellisia eik\u00e4 niit\u00e4 luovuteta kolmansille osapuolille.<br \/>\n2.3. Myyj\u00e4ll\u00e4 on oikeus perua alennukset, mik\u00e4li tilattujen tavaroiden m\u00e4\u00e4r\u00e4 ei oikeuta alennukseen.<\/p>\n<p style=\"text-align: justify;\"><strong>3. Maksuehdot<\/strong><\/p>\n<p style=\"text-align: justify;\">3.1. Ostaja voi verkkokaupassa forss24.ee maksaa verkkopankilla, maksukortilla tai valita maksun tavaran noudon yhteydess\u00e4. Maksuv\u00e4lityksen tarjoaa Montonio Finance UAB. Maksut suoritetaan turvallisessa ymp\u00e4rist\u00f6ss\u00e4, eik\u00e4 Myyj\u00e4ll\u00e4 ole p\u00e4\u00e4sy\u00e4 Ostajan maksukorttitietoihin.<br \/>\n3.2. Myyj\u00e4n toimipisteiss\u00e4 maksun voi suorittaa k\u00e4teisell\u00e4, maksukortilla tai osamaksusopimuksella (osamaksun tarjoaa Inbank). Mik\u00e4li Myyj\u00e4 on my\u00f6nt\u00e4nyt maksuaikaa, Ostajan on suoritettava maksu laskun er\u00e4p\u00e4iv\u00e4\u00e4n menness\u00e4.<br \/>\n3.3. Ostaja vastaa kaikista maksun suorittamiseen liittyvist\u00e4 kuluista. Lasku katsotaan maksetuksi, kun koko summa on saapunut Myyj\u00e4n tilille.<br \/>\n3.4. Myyj\u00e4ll\u00e4 on oikeus peri\u00e4 viiv\u00e4styskorkoa viiv\u00e4styneist\u00e4 maksuista sek\u00e4 tarvittaessa aloittaa perint\u00e4menettely, jonka kustannuksista vastaa Ostaja.<br \/>\n3.5. Mik\u00e4li ennakkomaksulaskua ei ole maksettu 14 p\u00e4iv\u00e4n kuluessa, Myyj\u00e4ll\u00e4 on oikeus keskeytt\u00e4\u00e4 tai perua tilaus.<br \/>\n3.6. Myyj\u00e4ll\u00e4 on oikeus kielt\u00e4yty\u00e4 uusista tilauksista, Tavaran luovutuksesta tai Palvelun suorittamisesta, mik\u00e4li Ostajalla on maksamattomia velvoitteita.<br \/>\n3.7. Mik\u00e4li Ostaja haluaa maksaa Tavaroista ja\/tai Palveluista maksuajalla, h\u00e4nen tulee esitt\u00e4\u00e4 t\u00e4t\u00e4 koskeva pyynt\u00f6 Myyj\u00e4lle sek\u00e4 toimittaa samanaikaisesti luettelo valtuutetuista henkil\u00f6ist\u00e4 ja\/tai huollettavien ajoneuvojen rekisterinumerot. Myyj\u00e4n my\u00f6nteisen p\u00e4\u00e4t\u00f6ksen j\u00e4lkeen Ostaja voi jatkossa maksaa Tavaroista ja\/tai Palveluista maksuajalla, joka on merkitty asianomaisiin myyntilaskuihin.<br \/>\n3.8. Ostajan tulee maksaa lasku viimeist\u00e4\u00e4n laskussa ilmoitettuun er\u00e4p\u00e4iv\u00e4\u00e4n menness\u00e4 suorittamalla maksu laskussa ilmoitetulle Myyj\u00e4n pankkitilille tai maksamalla lasku Myyj\u00e4n toimipisteess\u00e4 k\u00e4teisell\u00e4 tai kortilla. Ostaja vastaa kaikista laskun maksamiseen liittyvist\u00e4 kuluista. Lasku katsotaan maksetuksi, kun koko laskussa ilmoitettu summa on maksettu.<br \/>\n3.9. Mik\u00e4li rahavelvoitteen t\u00e4ytt\u00e4minen viiv\u00e4styy, Myyj\u00e4ll\u00e4 on oikeus vaatia Ostajalta lain mukaista viiv\u00e4styskorkoa sek\u00e4 k\u00e4ynnist\u00e4\u00e4 perint\u00e4toimenpiteet, jolloin kaikki niihin liittyv\u00e4t kulut j\u00e4\u00e4v\u00e4t Ostajan vastattaviksi.<br \/>\n3.10. Mik\u00e4li Ostaja on viiv\u00e4stynyt rahavelvoitteidensa t\u00e4ytt\u00e4misess\u00e4, Myyj\u00e4ll\u00e4 on oikeus yksipuolisesti lopettaa maksuajan my\u00f6nt\u00e4minen Ostajalle.<\/p>\n<p style=\"text-align: justify;\"><strong>4. Tavaroiden luovutus, palautus ja takuu<\/strong><\/p>\n<p style=\"text-align: justify;\">4.1. Ostaja voi valita toimittamistavaksi pakettiautomaatin tai noudon toimipisteest\u00e4. Toimituskulut esitet\u00e4\u00e4n verkkokaupassa. Tavara l\u00e4hetet\u00e4\u00e4n yleens\u00e4 kahden arkip\u00e4iv\u00e4n kuluessa.<br \/>\n4.2. Mik\u00e4li Tavaraa ei voida toimittaa loppumisen tai muun syyn vuoksi, Ostajalle ilmoitetaan ja maksettu summa palautetaan tai sovitaan uudesta toimitusajasta.<br \/>\n4.3. Mik\u00e4li Ostaja ei nouda Tavaraa 30 p\u00e4iv\u00e4n kuluessa ilmoituksesta, Myyj\u00e4ll\u00e4 on oikeus realisoida Tavara.<br \/>\n4.4. Erikseen tilattuja Tavaroita ei oteta palautukseen, eik\u00e4 ennakkomaksua palauteta.<br \/>\n4.5. Ostajan on tarkastettava Tavara sen vastaanottamisen yhteydess\u00e4.<br \/>\n4.6. Palautuksissa on noudatettava ohjetta &#8221;Tavaroiden palautus ja sopimuksesta peruuttaminen&#8221; (saatavilla Myyj\u00e4n verkkosivustolla).<br \/>\n4.7. Ostajalla on oikeus esitt\u00e4\u00e4 reklamaatio Tavaran tai Palvelun virheellisyydest\u00e4 kahden vuoden kuluessa luovutuksesta. Takuehdot on esitetty erillisess\u00e4 dokumentissa &#8221;Forss O\u00dc takuu ehdot&#8221;.<\/p>\n<p style=\"text-align: justify;\"><strong>5. Loppum\u00e4\u00e4r\u00e4ykset<br \/>\n<\/strong><br \/>\n5.1. Myyj\u00e4 k\u00e4ytt\u00e4\u00e4 Ostajan henkil\u00f6tietoja ainoastaan tilausten k\u00e4sittely\u00e4 ja toimitusta varten. Tietoja v\u00e4litet\u00e4\u00e4n kuljetuspalvelun tarjoajille vain toimituksen suorittamiseksi.<br \/>\n5.2. Forss-nimi ja logo ovat rekister\u00f6ityj\u00e4 tavaramerkkej\u00e4.<br \/>\n5.3. Myyj\u00e4ll\u00e4 on oikeus muuttaa n\u00e4it\u00e4 ehtoja yksipuolisesti. Tilaukseen sovelletaan tilaushetkell\u00e4 voimassa olevia ehtoja.<\/p>\n","protected":false},"excerpt":{"rendered":"<p>Forss O\u00dc myyntiehdot 1. Yleiset m\u00e4\u00e4r\u00e4ykset 1.1. Forss O\u00dc (j\u00e4ljemp\u00e4n\u00e4 &#8221;Myyj\u00e4&#8221;) myy yksityisille ja oikeushenkil\u00f6ille (j\u00e4ljemp\u00e4n\u00e4 &#8221;Ostaja&#8221;) autojen varaosia ja tarvikkeita (j\u00e4ljemp\u00e4n\u00e4 &#8221;Tavarat&#8221;) Forss-br\u00e4ndin myym\u00e4l\u00f6iss\u00e4&#8230;<\/p>\n","protected":false},"author":1,"featured_media":0,"parent":387,"menu_order":0,"comment_status":"closed","ping_status":"closed","template":"","meta":{"_acf_changed":false,"_monsterinsights_skip_tracking":false,"_monsterinsights_sitenote_active":false,"_monsterinsights_sitenote_note":"","_monsterinsights_sitenote_category":0,"footnotes":"","_links_to":"","_links_to_target":""},"class_list":["post-7561","page","type-page","status-publish","hentry"],"acf":[],"yoast_head":"<!-- This site is optimized with the Yoast SEO plugin v27.2 - https:\/\/yoast.com\/product\/yoast-seo-wordpress\/ -->\n<title>Myyntiehdot - Forss<\/title>\n<meta name=\"robots\" content=\"index, follow, max-snippet:-1, max-image-preview:large, max-video-preview:-1\" \/>\n<link rel=\"canonical\" href=\"https:\/\/www.forss.ee\/fi\/kliendiinfo\/myyntiehdot\/\" \/>\n<meta property=\"og:locale\" content=\"fi_FI\" \/>\n<meta property=\"og:type\" content=\"article\" \/>\n<meta property=\"og:title\" content=\"Myyntiehdot - Forss\" \/>\n<meta property=\"og:description\" content=\"Forss O\u00dc myyntiehdot 1. Yleiset m\u00e4\u00e4r\u00e4ykset 1.1. Forss O\u00dc (j\u00e4ljemp\u00e4n\u00e4 &#8221;Myyj\u00e4&#8221;) myy yksityisille ja oikeushenkil\u00f6ille (j\u00e4ljemp\u00e4n\u00e4 &#8221;Ostaja&#8221;) autojen varaosia ja tarvikkeita (j\u00e4ljemp\u00e4n\u00e4 &#8221;Tavarat&#8221;) Forss-br\u00e4ndin myym\u00e4l\u00f6iss\u00e4...\" \/>\n<meta property=\"og:url\" content=\"https:\/\/www.forss.ee\/fi\/kliendiinfo\/myyntiehdot\/\" \/>\n<meta property=\"og:site_name\" content=\"Forss\" \/>\n<meta property=\"article:modified_time\" content=\"2026-03-31T08:37:00+00:00\" \/>\n<meta name=\"twitter:label1\" content=\"Arvioitu lukuaika\" \/>\n\t<meta name=\"twitter:data1\" content=\"4 minuuttia\" \/>\n<script type=\"application\/ld+json\" class=\"yoast-schema-graph\">{\"@context\":\"https:\/\/schema.org\",\"@graph\":[{\"@type\":\"WebPage\",\"@id\":\"https:\/\/www.forss.ee\/fi\/kliendiinfo\/myyntiehdot\/\",\"url\":\"https:\/\/www.forss.ee\/fi\/kliendiinfo\/myyntiehdot\/\",\"name\":\"Myyntiehdot - Forss\",\"isPartOf\":{\"@id\":\"https:\/\/www.forss.ee\/#website\"},\"datePublished\":\"2026-02-05T14:07:03+00:00\",\"dateModified\":\"2026-03-31T08:37:00+00:00\",\"breadcrumb\":{\"@id\":\"https:\/\/www.forss.ee\/fi\/kliendiinfo\/myyntiehdot\/#breadcrumb\"},\"inLanguage\":\"fi\",\"potentialAction\":[{\"@type\":\"ReadAction\",\"target\":[\"https:\/\/www.forss.ee\/fi\/kliendiinfo\/myyntiehdot\/\"]}]},{\"@type\":\"BreadcrumbList\",\"@id\":\"https:\/\/www.forss.ee\/fi\/kliendiinfo\/myyntiehdot\/#breadcrumb\",\"itemListElement\":[{\"@type\":\"ListItem\",\"position\":1,\"name\":\"Home\",\"item\":\"https:\/\/www.forss.ee\/fi\/\"},{\"@type\":\"ListItem\",\"position\":2,\"name\":\"Asiakastiedot\",\"item\":\"https:\/\/www.forss.ee\/fi\/kliendiinfo\/\"},{\"@type\":\"ListItem\",\"position\":3,\"name\":\"Myyntiehdot\"}]},{\"@type\":\"WebSite\",\"@id\":\"https:\/\/www.forss.ee\/#website\",\"url\":\"https:\/\/www.forss.ee\/\",\"name\":\"Forss\",\"description\":\"Forss: autospordi kogemusega meeskond\",\"potentialAction\":[{\"@type\":\"SearchAction\",\"target\":{\"@type\":\"EntryPoint\",\"urlTemplate\":\"https:\/\/www.forss.ee\/?s={search_term_string}\"},\"query-input\":{\"@type\":\"PropertyValueSpecification\",\"valueRequired\":true,\"valueName\":\"search_term_string\"}}],\"inLanguage\":\"fi\"}]}<\/script>\n<!-- \/ Yoast SEO plugin. -->","yoast_head_json":{"title":"Myyntiehdot - Forss","robots":{"index":"index","follow":"follow","max-snippet":"max-snippet:-1","max-image-preview":"max-image-preview:large","max-video-preview":"max-video-preview:-1"},"canonical":"https:\/\/www.forss.ee\/fi\/kliendiinfo\/myyntiehdot\/","og_locale":"fi_FI","og_type":"article","og_title":"Myyntiehdot - Forss","og_description":"Forss O\u00dc myyntiehdot 1. Yleiset m\u00e4\u00e4r\u00e4ykset 1.1. Forss O\u00dc (j\u00e4ljemp\u00e4n\u00e4 &#8221;Myyj\u00e4&#8221;) myy yksityisille ja oikeushenkil\u00f6ille (j\u00e4ljemp\u00e4n\u00e4 &#8221;Ostaja&#8221;) autojen varaosia ja tarvikkeita (j\u00e4ljemp\u00e4n\u00e4 &#8221;Tavarat&#8221;) Forss-br\u00e4ndin myym\u00e4l\u00f6iss\u00e4...","og_url":"https:\/\/www.forss.ee\/fi\/kliendiinfo\/myyntiehdot\/","og_site_name":"Forss","article_modified_time":"2026-03-31T08:37:00+00:00","twitter_misc":{"Arvioitu lukuaika":"4 minuuttia"},"schema":{"@context":"https:\/\/schema.org","@graph":[{"@type":"WebPage","@id":"https:\/\/www.forss.ee\/fi\/kliendiinfo\/myyntiehdot\/","url":"https:\/\/www.forss.ee\/fi\/kliendiinfo\/myyntiehdot\/","name":"Myyntiehdot - Forss","isPartOf":{"@id":"https:\/\/www.forss.ee\/#website"},"datePublished":"2026-02-05T14:07:03+00:00","dateModified":"2026-03-31T08:37:00+00:00","breadcrumb":{"@id":"https:\/\/www.forss.ee\/fi\/kliendiinfo\/myyntiehdot\/#breadcrumb"},"inLanguage":"fi","potentialAction":[{"@type":"ReadAction","target":["https:\/\/www.forss.ee\/fi\/kliendiinfo\/myyntiehdot\/"]}]},{"@type":"BreadcrumbList","@id":"https:\/\/www.forss.ee\/fi\/kliendiinfo\/myyntiehdot\/#breadcrumb","itemListElement":[{"@type":"ListItem","position":1,"name":"Home","item":"https:\/\/www.forss.ee\/fi\/"},{"@type":"ListItem","position":2,"name":"Asiakastiedot","item":"https:\/\/www.forss.ee\/fi\/kliendiinfo\/"},{"@type":"ListItem","position":3,"name":"Myyntiehdot"}]},{"@type":"WebSite","@id":"https:\/\/www.forss.ee\/#website","url":"https:\/\/www.forss.ee\/","name":"Forss","description":"Forss: autospordi kogemusega meeskond","potentialAction":[{"@type":"SearchAction","target":{"@type":"EntryPoint","urlTemplate":"https:\/\/www.forss.ee\/?s={search_term_string}"},"query-input":{"@type":"PropertyValueSpecification","valueRequired":true,"valueName":"search_term_string"}}],"inLanguage":"fi"}]}},"_links":{"self":[{"href":"https:\/\/www.forss.ee\/fi\/wp-json\/wp\/v2\/pages\/7561","targetHints":{"allow":["GET"]}}],"collection":[{"href":"https:\/\/www.forss.ee\/fi\/wp-json\/wp\/v2\/pages"}],"about":[{"href":"https:\/\/www.forss.ee\/fi\/wp-json\/wp\/v2\/types\/page"}],"author":[{"embeddable":true,"href":"https:\/\/www.forss.ee\/fi\/wp-json\/wp\/v2\/users\/1"}],"replies":[{"embeddable":true,"href":"https:\/\/www.forss.ee\/fi\/wp-json\/wp\/v2\/comments?post=7561"}],"version-history":[{"count":5,"href":"https:\/\/www.forss.ee\/fi\/wp-json\/wp\/v2\/pages\/7561\/revisions"}],"predecessor-version":[{"id":7687,"href":"https:\/\/www.forss.ee\/fi\/wp-json\/wp\/v2\/pages\/7561\/revisions\/7687"}],"up":[{"embeddable":true,"href":"https:\/\/www.forss.ee\/fi\/wp-json\/wp\/v2\/pages\/387"}],"wp:attachment":[{"href":"https:\/\/www.forss.ee\/fi\/wp-json\/wp\/v2\/media?parent=7561"}],"curies":[{"name":"wp","href":"https:\/\/api.w.org\/{rel}","templated":true}]}}