{"id":7190,"date":"2025-04-09T12:35:47","date_gmt":"2025-04-09T09:35:47","guid":{"rendered":"https:\/\/www.forss.ee\/korjaukset-ja-huolto\/korjaushinnasto\/mooni\/"},"modified":"2025-07-01T10:42:25","modified_gmt":"2025-07-01T07:42:25","slug":"mooni","status":"publish","type":"page","link":"https:\/\/www.forss.ee\/fi\/korjaukset-ja-huolto\/korjaushinnasto\/mooni\/","title":{"rendered":"Mooni"},"content":{"rendered":"<table class=\"table\" style=\"width: 99.5468%; height: 555px;\">\n<tbody>\n<tr style=\"height: 72px;\">\n<th style=\"border-top: none; height: 72px; width: 65.3506%;\">\u00a0<\/th>\n<th style=\"border-top: none; height: 72px; width: 7.70744%;\">\u00a0<\/th>\n<th style=\"border-top-style: none; height: 72px; width: 8.54175%; text-align: center;\">Hinta<\/th>\n<th style=\"border-top-style: none; height: 72px; width: 8.96053%; text-align: center;\">Hinta<br \/>\nkanta-<br \/>\nasiakkaille<\/th>\n<\/tr>\n<tr style=\"height: 24px;\">\n<td style=\"height: 24px; width: 65.3506%;\"><strong>Asentajan palvelut<\/strong><\/td>\n<td style=\"height: 24px; width: 7.70744%; text-align: left;\">tunti<\/td>\n<td style=\"height: 24px; width: 8.54175%; text-align: center;\">61.00<\/td>\n<td style=\"height: 24px; width: 8.96053%; text-align: center;\"><strong>57.95<\/strong><\/td>\n<\/tr>\n<tr style=\"height: 24px;\">\n<td style=\"height: 24px; width: 65.3506%;\"><strong>S\u00e4hk\u00f6asentajan palvelut<\/strong><\/td>\n<td style=\"height: 24px; width: 7.70744%; text-align: left;\">tunti<\/td>\n<td style=\"height: 24px; width: 8.54175%; text-align: center;\">68.00<\/td>\n<td style=\"height: 24px; width: 8.96053%; text-align: center;\"><strong>64.60<\/strong><\/td>\n<\/tr>\n<tr style=\"height: 24px;\">\n<td style=\"height: 24px; width: 65.3506%;\"><strong>Moottoriasiantuntijan palvelut<\/strong><\/td>\n<td style=\"height: 24px; width: 7.70744%; text-align: left;\">tunti<\/td>\n<td style=\"height: 24px; width: 8.54175%; text-align: center;\">68.00<\/td>\n<td style=\"height: 24px; width: 8.96053%; text-align: center;\"><strong>64.60<\/strong><\/td>\n<\/tr>\n<tr style=\"height: 24px;\">\n<td style=\"height: 24px; width: 65.3506%;\"><strong>Virhekoodin lukeminen<\/strong><\/td>\n<td style=\"height: 24px; width: 7.70744%; text-align: left;\">\u00a0<\/td>\n<td style=\"height: 24px; width: 8.54175%; text-align: center;\">30.00<\/td>\n<td style=\"height: 24px; width: 8.96053%; text-align: center;\"><strong>28.50<\/strong><\/td>\n<\/tr>\n<tr style=\"height: 24px;\">\n<td style=\"width: 65.3506%; height: 24px;\"><strong>Diagnostiikka<\/strong><\/td>\n<td style=\"width: 7.70744%; height: 24px; text-align: left;\">alk<\/td>\n<td style=\"width: 8.54175%; text-align: center; height: 24px;\">98.00<\/td>\n<td style=\"width: 8.96053%; text-align: center; height: 24px;\"><strong>93.10<\/strong><\/td>\n<\/tr>\n<tr style=\"height: 24px;\">\n<td style=\"height: 24px; width: 65.3506%;\"><strong>Auton alustan tarkistus<\/strong><\/td>\n<td style=\"height: 24px; width: 7.70744%; text-align: left;\">\u00a0<\/td>\n<td style=\"height: 24px; width: 8.54175%; text-align: center;\">30.00<\/td>\n<td style=\"height: 24px; width: 8.96053%; text-align: center;\"><strong>28.50<\/strong><\/td>\n<\/tr>\n<tr style=\"height: 24px;\">\n<td style=\"height: 24px; width: 65.3506%;\"><strong>Perusteellinen tarkastus ennen ostoa ja koeajo<\/strong><\/td>\n<td style=\"height: 24px; width: 7.70744%; text-align: left;\">\u00a0<\/td>\n<td style=\"height: 24px; width: 8.54175%; text-align: center;\">95.00<\/td>\n<td style=\"height: 24px; width: 8.96053%; text-align: center;\"><strong>90.25<\/strong><\/td>\n<\/tr>\n<tr style=\"height: 27px;\">\n<td style=\"height: 27px; width: 65.3506%;\"><strong>Renkaiden (4tk) vaihto henkil\u00f6autoon<\/strong><\/td>\n<td style=\"height: 27px; width: 7.70744%; text-align: left;\">alk<\/td>\n<td style=\"height: 27px; width: 8.54175%; text-align: center;\">\u00a061.00\u00a0<\/td>\n<td style=\"height: 27px; width: 8.96053%; text-align: center;\"><strong>57.95<\/strong><\/td>\n<\/tr>\n<tr style=\"height: 24px;\">\n<td style=\"height: 24px; width: 65.3506%;\"><strong>Renkaiden (4tk) vaihto pakettiautoon, maasturiin<\/strong><\/td>\n<td style=\"height: 24px; width: 7.70744%; text-align: left;\">alk<\/td>\n<td style=\"height: 24px; width: 8.54175%; text-align: center;\">71.00<\/td>\n<td style=\"height: 24px; width: 8.96053%; text-align: center;\"><strong>67.45<\/strong><\/td>\n<\/tr>\n<tr style=\"height: 24px;\">\n<td style=\"height: 24px; width: 65.3506%;\"><strong>Automaattivaihteiston dynaaminen \u00f6ljynvaihto<\/strong><\/td>\n<td style=\"height: 24px; width: 7.70744%; text-align: left;\">alk\u00a0<\/td>\n<td style=\"height: 24px; width: 8.54175%; text-align: center;\">137.00<\/td>\n<td style=\"height: 24px; width: 8.96053%; text-align: center;\"><strong>130.15<\/strong><\/td>\n<\/tr>\n<tr style=\"height: 24px;\">\n<td style=\"height: 24px; width: 65.3506%;\"><strong>Ilmastointij\u00e4rjestelm\u00e4n tyhjennys ja t\u00e4ytt\u00f6 (Lis\u00e4t\u00e4\u00e4n kylm\u00e4aineen hinta)<\/strong><\/td>\n<td style=\"height: 24px; width: 7.70744%; text-align: left;\">alk\u00a0<\/td>\n<td style=\"height: 24px; width: 8.54175%; text-align: center;\">\u00a049.00<\/td>\n<td style=\"height: 24px; width: 8.96053%; text-align: center;\"><strong>46.55<\/strong><\/td>\n<\/tr>\n<tr style=\"height: 24px;\">\n<td style=\"height: 24px; width: 65.3506%;\"><strong>Etuakselin tarkastus ja s\u00e4\u00e4t\u00f6<\/strong><\/td>\n<td style=\"height: 24px; width: 7.70744%; text-align: left;\">alk\u00a0<\/td>\n<td style=\"height: 24px; width: 8.54175%; text-align: center;\">\u00a058.00<\/td>\n<td style=\"height: 24px; width: 8.96053%; text-align: center;\"><strong>55.10<\/strong><\/td>\n<\/tr>\n<tr style=\"height: 24px;\">\n<td style=\"height: 24px; width: 65.3506%;\"><strong>Etu- ja taka-akselin tarkastus ja s\u00e4\u00e4t\u00f6<\/strong><\/td>\n<td style=\"height: 24px; width: 7.70744%; text-align: left;\">alk\u00a0<\/td>\n<td style=\"height: 24px; width: 8.54175%; text-align: center;\">\u00a072.00<\/td>\n<td style=\"height: 24px; width: 8.96053%; text-align: center;\"><strong>68.40<\/strong><\/td>\n<\/tr>\n<tr style=\"height: 48px;\">\n<td style=\"height: 48px; width: 65.3506%;\"><strong>Huollon sijaisauto \u0160koda Octavia manual<\/strong><\/td>\n<td style=\"height: 48px; width: 7.70744%; text-align: left;\">3 tunti<\/td>\n<td style=\"height: 48px; width: 8.54175%; text-align: center;\">\u00a020.00<\/td>\n<td style=\"height: 48px; width: 8.96053%; text-align: center;\"><strong>20.00<\/strong><\/td>\n<\/tr>\n<tr style=\"height: 48px;\">\n<td style=\"height: 48px; width: 65.3506%;\">\u00a0<\/td>\n<td style=\"height: 48px; width: 7.70744%; text-align: left;\">24 tunti<\/td>\n<td style=\"height: 48px; width: 8.54175%; text-align: center;\">\u00a030.00<\/td>\n<td style=\"height: 48px; width: 8.96053%; text-align: center;\"><strong>30.00<\/strong><\/td>\n<\/tr>\n<\/tbody>\n<\/table>\n<p>&nbsp;<\/p>\n<hr \/>\n<table style=\"color: #444444;\" rules=\"none\" cellpadding=\"3\">\n<tbody>\n<tr>\n<td class=\"tekst\" style=\"color: #444444;\" colspan=\"4\"><span lang=\"FI\"><strong>Tuntilaskutuksessa noudatetaan valmistajan antamia suosituksia<\/strong><\/span><\/td>\n<\/tr>\n<tr>\n<td class=\"tekst\" style=\"color: #444444;\" colspan=\"4\"><span lang=\"FI\"><strong>Nosturia edellytt\u00e4vist\u00e4 t\u00f6ist\u00e4 laskutetaan v\u00e4hint\u00e4\u00e4n 0,5 tuntia<\/strong><\/span><\/td>\n<\/tr>\n<tr>\n<td class=\"tekst\" style=\"color: #444444;\" colspan=\"4\">\u00a0<\/td>\n<\/tr>\n<\/tbody>\n<\/table>\n<p>&nbsp;<\/p>\n<p>Hinnaston mukaisten t\u00f6iden toteutuksessa l\u00e4hdet\u00e4\u00e4n valmistajien ilmoittamista aikanormeista.<br \/>\nHinnat sis\u00e4lt\u00e4v\u00e4t 24% arvonlis\u00e4veron.<br \/>\nPyyd\u00e4 tarjous ennen tilauksen tekemist\u00e4.<br \/>\nOn huomioitava, ett\u00e4 t\u00f6iden todellinen laajuus ja vaihdetut varaosat eiv\u00e4t ole aina tarjouksen mukaisia, sill\u00e4 ty\u00f6n aikana saattaa ilmet\u00e4 muidenkin kuin vain tilauksessa ilmoitettujen varaosien vaihtotarvetta ja siit\u00e4 johtuvia lis\u00e4t\u00f6it\u00e4. Sovimme kaikista lis\u00e4t\u00f6ist\u00e4 ja ty\u00f6n aikana ilmenneest\u00e4 varaosan vaihtotarpeesta asiakkaan kanssa.<\/p>\n","protected":false},"excerpt":{"rendered":"<p>\u00a0 \u00a0 Hinta Hinta kanta- asiakkaille Asentajan palvelut tunti 61.00 57.95 S\u00e4hk\u00f6asentajan palvelut tunti 68.00 64.60 Moottoriasiantuntijan palvelut tunti 68.00 64.60 Virhekoodin lukeminen \u00a0 30.00&#8230;<\/p>\n","protected":false},"author":1,"featured_media":0,"parent":446,"menu_order":10,"comment_status":"closed","ping_status":"closed","template":"page-templates\/submenu-template.php","meta":{"_acf_changed":false,"_monsterinsights_skip_tracking":false,"_monsterinsights_sitenote_active":false,"_monsterinsights_sitenote_note":"","_monsterinsights_sitenote_category":0,"footnotes":"","_links_to":"","_links_to_target":""},"class_list":["post-7190","page","type-page","status-publish","hentry"],"acf":[],"yoast_head":"<!-- This site is optimized with the Yoast SEO plugin v27.5 - https:\/\/yoast.com\/product\/yoast-seo-wordpress\/ -->\n<title>Mooni - Forss<\/title>\n<meta name=\"robots\" content=\"index, follow, max-snippet:-1, max-image-preview:large, max-video-preview:-1\" \/>\n<link rel=\"canonical\" href=\"https:\/\/www.forss.ee\/fi\/korjaukset-ja-huolto\/korjaushinnasto\/mooni\/\" \/>\n<meta property=\"og:locale\" content=\"fi_FI\" \/>\n<meta property=\"og:type\" content=\"article\" \/>\n<meta property=\"og:title\" content=\"Mooni - Forss\" \/>\n<meta property=\"og:description\" content=\"\u00a0 \u00a0 Hinta Hinta kanta- asiakkaille Asentajan palvelut tunti 61.00 57.95 S\u00e4hk\u00f6asentajan palvelut tunti 68.00 64.60 Moottoriasiantuntijan palvelut tunti 68.00 64.60 Virhekoodin lukeminen \u00a0 30.00...\" \/>\n<meta property=\"og:url\" content=\"https:\/\/www.forss.ee\/fi\/korjaukset-ja-huolto\/korjaushinnasto\/mooni\/\" \/>\n<meta property=\"og:site_name\" content=\"Forss\" \/>\n<meta property=\"article:modified_time\" content=\"2025-07-01T07:42:25+00:00\" \/>\n<meta name=\"twitter:label1\" content=\"Arvioitu lukuaika\" \/>\n\t<meta name=\"twitter:data1\" content=\"1 minuutti\" \/>\n<script type=\"application\/ld+json\" class=\"yoast-schema-graph\">{\"@context\":\"https:\\\/\\\/schema.org\",\"@graph\":[{\"@type\":\"WebPage\",\"@id\":\"https:\\\/\\\/www.forss.ee\\\/fi\\\/korjaukset-ja-huolto\\\/korjaushinnasto\\\/mooni\\\/\",\"url\":\"https:\\\/\\\/www.forss.ee\\\/fi\\\/korjaukset-ja-huolto\\\/korjaushinnasto\\\/mooni\\\/\",\"name\":\"Mooni - Forss\",\"isPartOf\":{\"@id\":\"https:\\\/\\\/www.forss.ee\\\/#website\"},\"datePublished\":\"2025-04-09T09:35:47+00:00\",\"dateModified\":\"2025-07-01T07:42:25+00:00\",\"breadcrumb\":{\"@id\":\"https:\\\/\\\/www.forss.ee\\\/fi\\\/korjaukset-ja-huolto\\\/korjaushinnasto\\\/mooni\\\/#breadcrumb\"},\"inLanguage\":\"fi\",\"potentialAction\":[{\"@type\":\"ReadAction\",\"target\":[\"https:\\\/\\\/www.forss.ee\\\/fi\\\/korjaukset-ja-huolto\\\/korjaushinnasto\\\/mooni\\\/\"]}]},{\"@type\":\"BreadcrumbList\",\"@id\":\"https:\\\/\\\/www.forss.ee\\\/fi\\\/korjaukset-ja-huolto\\\/korjaushinnasto\\\/mooni\\\/#breadcrumb\",\"itemListElement\":[{\"@type\":\"ListItem\",\"position\":1,\"name\":\"Home\",\"item\":\"https:\\\/\\\/www.forss.ee\\\/fi\\\/\"},{\"@type\":\"ListItem\",\"position\":2,\"name\":\"HUOLTAMO\",\"item\":\"https:\\\/\\\/www.forss.ee\\\/fi\\\/korjaukset-ja-huolto\\\/\"},{\"@type\":\"ListItem\",\"position\":3,\"name\":\"Huoltamon hinnasto\",\"item\":\"https:\\\/\\\/www.forss.ee\\\/fi\\\/korjaukset-ja-huolto\\\/korjaushinnasto\\\/\"},{\"@type\":\"ListItem\",\"position\":4,\"name\":\"Mooni\"}]},{\"@type\":\"WebSite\",\"@id\":\"https:\\\/\\\/www.forss.ee\\\/#website\",\"url\":\"https:\\\/\\\/www.forss.ee\\\/\",\"name\":\"Forss\",\"description\":\"Forss: autospordi kogemusega meeskond\",\"potentialAction\":[{\"@type\":\"SearchAction\",\"target\":{\"@type\":\"EntryPoint\",\"urlTemplate\":\"https:\\\/\\\/www.forss.ee\\\/?s={search_term_string}\"},\"query-input\":{\"@type\":\"PropertyValueSpecification\",\"valueRequired\":true,\"valueName\":\"search_term_string\"}}],\"inLanguage\":\"fi\"}]}<\/script>\n<!-- \/ Yoast SEO plugin. -->","yoast_head_json":{"title":"Mooni - Forss","robots":{"index":"index","follow":"follow","max-snippet":"max-snippet:-1","max-image-preview":"max-image-preview:large","max-video-preview":"max-video-preview:-1"},"canonical":"https:\/\/www.forss.ee\/fi\/korjaukset-ja-huolto\/korjaushinnasto\/mooni\/","og_locale":"fi_FI","og_type":"article","og_title":"Mooni - Forss","og_description":"\u00a0 \u00a0 Hinta Hinta kanta- asiakkaille Asentajan palvelut tunti 61.00 57.95 S\u00e4hk\u00f6asentajan palvelut tunti 68.00 64.60 Moottoriasiantuntijan palvelut tunti 68.00 64.60 Virhekoodin lukeminen \u00a0 30.00...","og_url":"https:\/\/www.forss.ee\/fi\/korjaukset-ja-huolto\/korjaushinnasto\/mooni\/","og_site_name":"Forss","article_modified_time":"2025-07-01T07:42:25+00:00","twitter_misc":{"Arvioitu lukuaika":"1 minuutti"},"schema":{"@context":"https:\/\/schema.org","@graph":[{"@type":"WebPage","@id":"https:\/\/www.forss.ee\/fi\/korjaukset-ja-huolto\/korjaushinnasto\/mooni\/","url":"https:\/\/www.forss.ee\/fi\/korjaukset-ja-huolto\/korjaushinnasto\/mooni\/","name":"Mooni - Forss","isPartOf":{"@id":"https:\/\/www.forss.ee\/#website"},"datePublished":"2025-04-09T09:35:47+00:00","dateModified":"2025-07-01T07:42:25+00:00","breadcrumb":{"@id":"https:\/\/www.forss.ee\/fi\/korjaukset-ja-huolto\/korjaushinnasto\/mooni\/#breadcrumb"},"inLanguage":"fi","potentialAction":[{"@type":"ReadAction","target":["https:\/\/www.forss.ee\/fi\/korjaukset-ja-huolto\/korjaushinnasto\/mooni\/"]}]},{"@type":"BreadcrumbList","@id":"https:\/\/www.forss.ee\/fi\/korjaukset-ja-huolto\/korjaushinnasto\/mooni\/#breadcrumb","itemListElement":[{"@type":"ListItem","position":1,"name":"Home","item":"https:\/\/www.forss.ee\/fi\/"},{"@type":"ListItem","position":2,"name":"HUOLTAMO","item":"https:\/\/www.forss.ee\/fi\/korjaukset-ja-huolto\/"},{"@type":"ListItem","position":3,"name":"Huoltamon hinnasto","item":"https:\/\/www.forss.ee\/fi\/korjaukset-ja-huolto\/korjaushinnasto\/"},{"@type":"ListItem","position":4,"name":"Mooni"}]},{"@type":"WebSite","@id":"https:\/\/www.forss.ee\/#website","url":"https:\/\/www.forss.ee\/","name":"Forss","description":"Forss: autospordi kogemusega meeskond","potentialAction":[{"@type":"SearchAction","target":{"@type":"EntryPoint","urlTemplate":"https:\/\/www.forss.ee\/?s={search_term_string}"},"query-input":{"@type":"PropertyValueSpecification","valueRequired":true,"valueName":"search_term_string"}}],"inLanguage":"fi"}]}},"_links":{"self":[{"href":"https:\/\/www.forss.ee\/fi\/wp-json\/wp\/v2\/pages\/7190","targetHints":{"allow":["GET"]}}],"collection":[{"href":"https:\/\/www.forss.ee\/fi\/wp-json\/wp\/v2\/pages"}],"about":[{"href":"https:\/\/www.forss.ee\/fi\/wp-json\/wp\/v2\/types\/page"}],"author":[{"embeddable":true,"href":"https:\/\/www.forss.ee\/fi\/wp-json\/wp\/v2\/users\/1"}],"replies":[{"embeddable":true,"href":"https:\/\/www.forss.ee\/fi\/wp-json\/wp\/v2\/comments?post=7190"}],"version-history":[{"count":9,"href":"https:\/\/www.forss.ee\/fi\/wp-json\/wp\/v2\/pages\/7190\/revisions"}],"predecessor-version":[{"id":7465,"href":"https:\/\/www.forss.ee\/fi\/wp-json\/wp\/v2\/pages\/7190\/revisions\/7465"}],"up":[{"embeddable":true,"href":"https:\/\/www.forss.ee\/fi\/wp-json\/wp\/v2\/pages\/446"}],"wp:attachment":[{"href":"https:\/\/www.forss.ee\/fi\/wp-json\/wp\/v2\/media?parent=7190"}],"curies":[{"name":"wp","href":"https:\/\/api.w.org\/{rel}","templated":true}]}}