{"id":6666,"date":"2023-09-06T16:28:01","date_gmt":"2023-09-06T13:28:01","guid":{"rendered":"https:\/\/www.forss.ee\/?page_id=6666"},"modified":"2024-06-25T10:02:51","modified_gmt":"2024-06-25T07:02:51","slug":"tietosuoja","status":"publish","type":"page","link":"https:\/\/www.forss.ee\/fi\/tietosuoja\/","title":{"rendered":"Tietosuoja"},"content":{"rendered":"<p><strong>Forss O\u00dc henkil\u00f6tietojen k\u00e4sittelyehdot<\/strong><\/p>\n<p>&nbsp;<\/p>\n<ol>\n<li><strong>Henkil\u00f6tietojen suojaus ja tekniset tiedot<\/strong><\/li>\n<\/ol>\n<p>N\u00e4m\u00e4 ehdot koskevat Forss O\u00dc -sivustoa ( forss.ee, forss24.ee), Forss O\u00dc ja Tarfor O\u00dc liikkeit\u00e4 ja palvelupisteit\u00e4 (autohuolto). Forss O\u00dc ja Tarfor O\u00dc (j\u00e4ljemp\u00e4n\u00e4 Forss) ker\u00e4\u00e4v\u00e4t ja k\u00e4sittelev\u00e4t vain niit\u00e4 henkil\u00f6tietoja, jotka ovat tarpeen asiakkaan palvelemiseksi myym\u00e4l\u00f6iss\u00e4, palvelupisteiss\u00e4 ja verkkotilausymp\u00e4rist\u00f6ss\u00e4 (www.forss.ee, forss24.ee) ja pit\u00e4\u00e4ksesi kanta-asiakasohjelman k\u00e4ynniss\u00e4.<\/p>\n<p>Forss v\u00e4litt\u00e4\u00e4 suoramarkkinointi-, kampanja- ja alennustarjouksia asiakkaille vain, jos asiakas on antanut suostumuksensa ja se voidaan esitt\u00e4\u00e4 toistettavissa olevassa muodossa. Asiakkaalla on oikeus peruuttaa suostumus milloin tahansa.<\/p>\n<p>Henkil\u00f6tietojen rekisterinpit\u00e4j\u00e4:<\/p>\n<p>FORSS O\u00dc <br \/>\nRek.nr: 10363212 <br \/>\nMooni 30 Tallinn 10615 <br \/>\nPuhelin: 6651018 <br \/>\nS\u00e4hk\u00f6posti: info@forss.ee<\/p>\n<p>Henkil\u00f6tiedot ovat tietoja, joita Forss ker\u00e4\u00e4 palvelun tarjoamiseksi, henkil\u00f6n tunnistamiseksi, yhteyden ottamiseksi henkil\u00f6\u00f6n palvelun tarjoamiseksi tai kysymysten ratkaisemiseksi. Forss ei k\u00e4sittele Euroopan parlamentin ja neuvoston asetuksessa (EU) 2016\/679 (englanniksi General Data Protection Regulation tai GDPR tai EU Regulation 2016\/679) asetuksessa m\u00e4\u00e4riteltyj\u00e4 arkaluonteisia henkil\u00f6tietoja. Forss sitoutuu suojaamaan asiakkaiden ja forss.ee verkkotunnusten verkkosivustojen k\u00e4ytt\u00e4jien henkil\u00f6tietoja ja heid\u00e4n yksityisyytt\u00e4\u00e4n. Forssin toiminta Internetiss\u00e4 on kaikkien asiaankuuluvien toimintojen ja asiaankuuluvan Euroopan unionin lains\u00e4\u00e4d\u00e4nn\u00f6n sek\u00e4 Viron tasavallan lakien mukaista, mukaan lukien Euroopan parlamentin ja neuvoston asetus (EU) 2016\/679. Forss ryhtyy kaikkiin k\u00e4ytett\u00e4viss\u00e4 oleviin varotoimiin suojellakseen ker\u00e4\u00e4mi\u00e4\u00e4n henkil\u00f6tietoja. Tietojen muuttamiseen ja k\u00e4sittelyyn p\u00e4\u00e4sev\u00e4t vain valtuutetut henkil\u00f6t, ja tietokannan k\u00e4ytt\u00e4j\u00e4t ovat k\u00e4yneet tarvittavan koulutuksen tietokantojen k\u00e4ytt\u00f6\u00f6n.<\/p>\n<p>\u00a0 \u00a0 \u00a0 \u00a02.<strong> Ker\u00e4tyt henkil\u00f6tiedot<\/strong><\/p>\n<p>Forssin asiakkaasta k\u00e4sittelemien henkil\u00f6tietojen tyypit voivat riippua siit\u00e4, mit\u00e4 kanavia asiakas k\u00e4ytt\u00e4\u00e4 kommunikoidessaan Forssin kanssa (myyntikonttori, forss.ee-verkkosivusto), viestinn\u00e4n tarkoituksesta ja siit\u00e4, k\u00e4ytt\u00e4\u00e4k\u00f6 asiakas forss.ee-sivustoa rekister\u00f6ity tai rekister\u00f6im\u00e4t\u00f6n k\u00e4ytt\u00e4j\u00e4. Forss k\u00e4sittelee seuraavan tyyppisi\u00e4 henkil\u00f6tietoja:<\/p>\n<ul>\n<li>Yleistiedot: etunimi, sukunimi.<\/li>\n<li>Yhteystiedot: s\u00e4hk\u00f6postiosoite ja matkapuhelinnumero.<\/li>\n<li>Tilaustiedot: p\u00e4iv\u00e4m\u00e4\u00e4r\u00e4t, ostoskorien sis\u00e4lt\u00f6, tilaukset, laskut, tuoteluettelo, hinnat ja m\u00e4\u00e4r\u00e4t.<\/li>\n<\/ul>\n<ul>\n<li>Tilauksen antaminen valitussa Forss-myyntikonttorissa: valitun toimipisteen nimi;<\/li>\n<li>Tilauksen toimittamiseksi pakettiautomaattiin: pakettiautomaatin palveluntarjoaja ja pakettiautomaatin sijainti.<\/li>\n<\/ul>\n<ul>\n<li>Maksutiedot: maksun summa, maksun kuvaus, maksajan IBAN, maksukortin numero, maksukortin tyyppi, maksukortin voimassaolotiedot.<\/li>\n<li>Verkkosivuston tiedot: tiedot verkkosivuston k\u00e4yt\u00f6st\u00e4<\/li>\n<li>Asiakastukitiedot: asiakaskyselyt, asiakkaiden vastaukset, asiakasvalitukset.<\/li>\n<\/ul>\n<ol start=\"3\">\n<li><strong>Ker\u00e4ttyjen henkil\u00f6tietojen s\u00e4ilytys<\/strong><\/li>\n<\/ol>\n<p>Forss ei s\u00e4ilyt\u00e4 asiakkaiden henkil\u00f6tietoja pidemp\u00e4\u00e4n kuin se on kohtuudella tarpeen Forssin kannalta niiden tarkoitusten saavuttamiseksi, joita varten tiedot on ker\u00e4tty tai k\u00e4sitelty seuraavien tietojen s\u00e4ilytysehtojen mukaisesti:<\/p>\n<ul>\n<li>Verkkokauppaan rekister\u00f6idyn k\u00e4ytt\u00e4j\u00e4tilin tietoja s\u00e4ilytet\u00e4\u00e4n, kunnes k\u00e4ytt\u00e4j\u00e4tili poistetaan. Tilin voi poistaa sek\u00e4 Forss ett\u00e4 k\u00e4ytt\u00e4j\u00e4. Tilin poistamiseksi k\u00e4ytt\u00e4j\u00e4n aloitteesta k\u00e4ytt\u00e4j\u00e4n on ilmoitettava vastaava pyynt\u00f6 Forssille. Tietojen tallennus on v\u00e4ltt\u00e4m\u00e4t\u00f6nt\u00e4 verkkokaupan toimivuuden varmistamiseksi.<\/li>\n<li>Rekister\u00f6im\u00e4tt\u00f6mien k\u00e4ytt\u00e4jien ja muiden verkkokaupan asiakkaiden tilauksiin liittyvi\u00e4 tietoja s\u00e4ilytet\u00e4\u00e4n kolme vuotta tapahtuman kalenterivuoden p\u00e4\u00e4ttymisest\u00e4. Tietojen s\u00e4ilytt\u00e4minen on tarpeen mahdollisten riitojen ratkaisemiseksi my\u00f6hemmin.<\/li>\n<li>Henkil\u00f6kohtaisiin tapahtumiin liittyvi\u00e4 henkil\u00f6tietoja s\u00e4ilytet\u00e4\u00e4n enint\u00e4\u00e4n 7 vuotta kirjanpitolain mukaisen liiketoimien varmentamisvelvollisuuden vuoksi.<\/li>\n<\/ul>\n<ol start=\"4\">\n<li><strong>Ker\u00e4ttyjen henkil\u00f6tietojen siirto<\/strong><\/li>\n<\/ol>\n<p>Forss voi siirt\u00e4\u00e4 asiakkaiden henkil\u00f6tietoja kolmansille osapuolille, kuten:<\/p>\n<ul>\n<li>ulkopuolisille palveluntarjoajille (verkkosivuston yll\u00e4pit\u00e4j\u00e4lle, kuriiripalvelun tarjoajalle, oikeusapupalvelun tarjoajalle, IT-j\u00e4rjestelmien kehitys- ja yll\u00e4pitopalvelun tarjoajalle, suoramarkkinointiviestinv\u00e4lityspalvelun tai markkinointitoiminnan palvelun tarjoajalle);<\/li>\n<li>lainvalvontaelimille, valtion virastoille ja paikallishallinnon viranomaisille, jos ne sit\u00e4 perustellusti pyyt\u00e4v\u00e4t.<\/li>\n<\/ul>\n<p>Forss tekee kaikkensa varmistaakseen, ett\u00e4 kolmannen osapuolen palveluntarjoajat varmistavat siirrettyjen henkil\u00f6tietojen luottamuksellisuuden ja turvallisuuden.<\/p>\n<ol start=\"5\">\n<li><strong>Henkil\u00f6n oikeudet h\u00e4nest\u00e4 ker\u00e4ttyihin tietoihin<\/strong><\/li>\n<\/ol>\n<p>Yksityishenkil\u00f6ll\u00e4 on oikeus tutustua h\u00e4nest\u00e4 ker\u00e4ttyihin tietoihin, vaatia virheellisten tietojen oikaisua, vaatia henkil\u00f6tietojensa k\u00e4sittelyn lopettamista ja k\u00e4ytt\u00e4\u00e4 muita henkil\u00f6tietolaista johtuvia oikeuksia. T\u00e4t\u00e4 varten sinun tulee olla yhteydess\u00e4 myyntikonttoriin vastaavalla pyynn\u00f6st\u00e4, k\u00e4ytt\u00e4\u00e4 verkkoymp\u00e4rist\u00f6n mahdollisuuksia muuttaa tietojasi tai ilmoittaa pyynn\u00f6st\u00e4si puhelimitse tai s\u00e4hk\u00f6postitse.<\/p>\n<p>Jos haluat kielt\u00e4yty\u00e4 kaikkien tai joidenkin aiheiden suoramarkkinointitarjouksista, voit tehd\u00e4 sen v\u00e4litt\u00f6m\u00e4sti jokaisen l\u00e4hetetyn markkinointikirjeen alatunnisteessa olevan linkin kautta. Muutos astuu voimaan v\u00e4litt\u00f6m\u00e4sti.<\/p>\n<p>Jos asiakas havaitsee, ett\u00e4 h\u00e4nen oikeuksiaan on rikottu henkil\u00f6tietojen k\u00e4sittelyn aikana eik\u00e4 h\u00e4n ole saanut Forssilta kattavaa vastausta tai ratkaisua, h\u00e4nell\u00e4 on oikeus hakea tietosuojavaltuutettuun tai tuomioistuimeen loukkauksen lopettamista. .<\/p>\n<p>L\u00e4het\u00e4 henkil\u00f6tietojen k\u00e4sittely\u00e4 koskevat lis\u00e4kysymykset ja muut henkil\u00f6tietojen k\u00e4sittelyyn liittyv\u00e4t pyynn\u00f6t tai lausunnot osoitteeseen <a href=\"mailto:info@forss.ee\">info@forss.ee <\/a>.<\/p>\n<p>Voimassa 1.9.2023 alkaen<\/p>\n","protected":false},"excerpt":{"rendered":"<p>Forss O\u00dc henkil\u00f6tietojen k\u00e4sittelyehdot &nbsp; Henkil\u00f6tietojen suojaus ja tekniset tiedot N\u00e4m\u00e4 ehdot koskevat Forss O\u00dc -sivustoa ( forss.ee, forss24.ee), Forss O\u00dc ja Tarfor O\u00dc liikkeit\u00e4&#8230;<\/p>\n","protected":false},"author":1,"featured_media":0,"parent":0,"menu_order":0,"comment_status":"closed","ping_status":"closed","template":"","meta":{"_acf_changed":false,"_monsterinsights_skip_tracking":false,"_monsterinsights_sitenote_active":false,"_monsterinsights_sitenote_note":"","_monsterinsights_sitenote_category":0,"footnotes":"","_links_to":"","_links_to_target":""},"class_list":["post-6666","page","type-page","status-publish","hentry"],"acf":[],"yoast_head":"<!-- This site is optimized with the Yoast SEO plugin v27.2 - https:\/\/yoast.com\/product\/yoast-seo-wordpress\/ -->\n<title>Tietosuoja - Forss<\/title>\n<meta name=\"robots\" content=\"index, follow, max-snippet:-1, max-image-preview:large, max-video-preview:-1\" \/>\n<link rel=\"canonical\" href=\"https:\/\/www.forss.ee\/fi\/tietosuoja\/\" \/>\n<meta property=\"og:locale\" content=\"fi_FI\" \/>\n<meta property=\"og:type\" content=\"article\" \/>\n<meta property=\"og:title\" content=\"Tietosuoja - Forss\" \/>\n<meta property=\"og:description\" content=\"Forss O\u00dc henkil\u00f6tietojen k\u00e4sittelyehdot &nbsp; Henkil\u00f6tietojen suojaus ja tekniset tiedot N\u00e4m\u00e4 ehdot koskevat Forss O\u00dc -sivustoa ( forss.ee, forss24.ee), Forss O\u00dc ja Tarfor O\u00dc liikkeit\u00e4...\" \/>\n<meta property=\"og:url\" content=\"https:\/\/www.forss.ee\/fi\/tietosuoja\/\" \/>\n<meta property=\"og:site_name\" content=\"Forss\" \/>\n<meta property=\"article:modified_time\" content=\"2024-06-25T07:02:51+00:00\" \/>\n<meta name=\"twitter:label1\" content=\"Arvioitu lukuaika\" \/>\n\t<meta name=\"twitter:data1\" content=\"4 minuuttia\" \/>\n<script type=\"application\/ld+json\" class=\"yoast-schema-graph\">{\"@context\":\"https:\/\/schema.org\",\"@graph\":[{\"@type\":\"WebPage\",\"@id\":\"https:\/\/www.forss.ee\/fi\/tietosuoja\/\",\"url\":\"https:\/\/www.forss.ee\/fi\/tietosuoja\/\",\"name\":\"Tietosuoja - Forss\",\"isPartOf\":{\"@id\":\"https:\/\/www.forss.ee\/#website\"},\"datePublished\":\"2023-09-06T13:28:01+00:00\",\"dateModified\":\"2024-06-25T07:02:51+00:00\",\"breadcrumb\":{\"@id\":\"https:\/\/www.forss.ee\/fi\/tietosuoja\/#breadcrumb\"},\"inLanguage\":\"fi\",\"potentialAction\":[{\"@type\":\"ReadAction\",\"target\":[\"https:\/\/www.forss.ee\/fi\/tietosuoja\/\"]}]},{\"@type\":\"BreadcrumbList\",\"@id\":\"https:\/\/www.forss.ee\/fi\/tietosuoja\/#breadcrumb\",\"itemListElement\":[{\"@type\":\"ListItem\",\"position\":1,\"name\":\"Home\",\"item\":\"https:\/\/www.forss.ee\/fi\/\"},{\"@type\":\"ListItem\",\"position\":2,\"name\":\"Tietosuoja\"}]},{\"@type\":\"WebSite\",\"@id\":\"https:\/\/www.forss.ee\/#website\",\"url\":\"https:\/\/www.forss.ee\/\",\"name\":\"Forss\",\"description\":\"Forss: autospordi kogemusega meeskond\",\"potentialAction\":[{\"@type\":\"SearchAction\",\"target\":{\"@type\":\"EntryPoint\",\"urlTemplate\":\"https:\/\/www.forss.ee\/?s={search_term_string}\"},\"query-input\":{\"@type\":\"PropertyValueSpecification\",\"valueRequired\":true,\"valueName\":\"search_term_string\"}}],\"inLanguage\":\"fi\"}]}<\/script>\n<!-- \/ Yoast SEO plugin. -->","yoast_head_json":{"title":"Tietosuoja - Forss","robots":{"index":"index","follow":"follow","max-snippet":"max-snippet:-1","max-image-preview":"max-image-preview:large","max-video-preview":"max-video-preview:-1"},"canonical":"https:\/\/www.forss.ee\/fi\/tietosuoja\/","og_locale":"fi_FI","og_type":"article","og_title":"Tietosuoja - Forss","og_description":"Forss O\u00dc henkil\u00f6tietojen k\u00e4sittelyehdot &nbsp; Henkil\u00f6tietojen suojaus ja tekniset tiedot N\u00e4m\u00e4 ehdot koskevat Forss O\u00dc -sivustoa ( forss.ee, forss24.ee), Forss O\u00dc ja Tarfor O\u00dc liikkeit\u00e4...","og_url":"https:\/\/www.forss.ee\/fi\/tietosuoja\/","og_site_name":"Forss","article_modified_time":"2024-06-25T07:02:51+00:00","twitter_misc":{"Arvioitu lukuaika":"4 minuuttia"},"schema":{"@context":"https:\/\/schema.org","@graph":[{"@type":"WebPage","@id":"https:\/\/www.forss.ee\/fi\/tietosuoja\/","url":"https:\/\/www.forss.ee\/fi\/tietosuoja\/","name":"Tietosuoja - Forss","isPartOf":{"@id":"https:\/\/www.forss.ee\/#website"},"datePublished":"2023-09-06T13:28:01+00:00","dateModified":"2024-06-25T07:02:51+00:00","breadcrumb":{"@id":"https:\/\/www.forss.ee\/fi\/tietosuoja\/#breadcrumb"},"inLanguage":"fi","potentialAction":[{"@type":"ReadAction","target":["https:\/\/www.forss.ee\/fi\/tietosuoja\/"]}]},{"@type":"BreadcrumbList","@id":"https:\/\/www.forss.ee\/fi\/tietosuoja\/#breadcrumb","itemListElement":[{"@type":"ListItem","position":1,"name":"Home","item":"https:\/\/www.forss.ee\/fi\/"},{"@type":"ListItem","position":2,"name":"Tietosuoja"}]},{"@type":"WebSite","@id":"https:\/\/www.forss.ee\/#website","url":"https:\/\/www.forss.ee\/","name":"Forss","description":"Forss: autospordi kogemusega meeskond","potentialAction":[{"@type":"SearchAction","target":{"@type":"EntryPoint","urlTemplate":"https:\/\/www.forss.ee\/?s={search_term_string}"},"query-input":{"@type":"PropertyValueSpecification","valueRequired":true,"valueName":"search_term_string"}}],"inLanguage":"fi"}]}},"_links":{"self":[{"href":"https:\/\/www.forss.ee\/fi\/wp-json\/wp\/v2\/pages\/6666","targetHints":{"allow":["GET"]}}],"collection":[{"href":"https:\/\/www.forss.ee\/fi\/wp-json\/wp\/v2\/pages"}],"about":[{"href":"https:\/\/www.forss.ee\/fi\/wp-json\/wp\/v2\/types\/page"}],"author":[{"embeddable":true,"href":"https:\/\/www.forss.ee\/fi\/wp-json\/wp\/v2\/users\/1"}],"replies":[{"embeddable":true,"href":"https:\/\/www.forss.ee\/fi\/wp-json\/wp\/v2\/comments?post=6666"}],"version-history":[{"count":5,"href":"https:\/\/www.forss.ee\/fi\/wp-json\/wp\/v2\/pages\/6666\/revisions"}],"predecessor-version":[{"id":7096,"href":"https:\/\/www.forss.ee\/fi\/wp-json\/wp\/v2\/pages\/6666\/revisions\/7096"}],"wp:attachment":[{"href":"https:\/\/www.forss.ee\/fi\/wp-json\/wp\/v2\/media?parent=6666"}],"curies":[{"name":"wp","href":"https:\/\/api.w.org\/{rel}","templated":true}]}}