{"id":5141,"date":"2021-09-08T14:16:55","date_gmt":"2021-09-08T11:16:55","guid":{"rendered":"https:\/\/www.forss.ee\/?page_id=5141"},"modified":"2026-03-26T10:01:11","modified_gmt":"2026-03-26T08:01:11","slug":"tahesaju","status":"publish","type":"page","link":"https:\/\/www.forss.ee\/fi\/kontakt\/tahesaju\/","title":{"rendered":"T\u00e4hesaju"},"content":{"rendered":"<div id=\"pl-5141\"  class=\"panel-layout\" ><div id=\"pg-5141-0\"  class=\"panel-grid panel-no-style\" ><div id=\"pgc-5141-0-0\"  class=\"panel-grid-cell\" ><div id=\"panel-5141-0-0-0\" class=\"so-panel widget widget_black-studio-tinymce widget_black_studio_tinymce panel-first-child panel-last-child\" data-index=\"0\" ><div class=\"textwidget\"><h2>T\u00e4hesaju edustus\u00a0<span style=\"color: #ff0000;\">\/ V\u00e4liaikaisesti suljettu alkaen 30.03.2026 \/<\/span><\/h2>\n<p>T\u00e4hesaju tee 7 Tallinn 13917<\/p>\n<\/div><\/div><\/div><\/div><div id=\"pg-5141-1\"  class=\"panel-grid panel-no-style\" ><div id=\"pgc-5141-1-0\"  class=\"panel-grid-cell\" ><div id=\"panel-5141-1-0-0\" class=\"so-panel widget widget_black-studio-tinymce widget_black_studio_tinymce panel-first-child panel-last-child\" data-index=\"1\" ><div class=\"textwidget\"><h3>Myyntiosasto<\/h3>\n<table>\n<tbody>\n<tr>\n<td style=\"padding-top: 10px;\" colspan=\"2\"><strong>Aukioloajat<\/strong><\/td>\n<\/tr>\n<tr>\n<td>Ma-Pe:\u00a0<\/td>\n<td>8:30 - 17.30<\/td>\n<\/tr>\n<tr>\n<td style=\"padding-top: 10px;\" colspan=\"2\"><b>Yhteystiedot<\/b><\/td>\n<\/tr>\n<tr>\n<td>Puh:<\/td>\n<td>6658 622, -623<\/td>\n<\/tr>\n<tr>\n<td>S\u00e4hk\u00f6posti:\u00a0<\/td>\n<td><a href=\"mailto:tahesajuvaruosad@forss.ee\">tahesajuvaruosad@forss.ee<\/a><\/td>\n<\/tr>\n<\/tbody>\n<\/table>\n<\/div><\/div><\/div><div id=\"pgc-5141-1-1\"  class=\"panel-grid-cell panel-grid-cell-mobile-last\" ><div id=\"panel-5141-1-1-0\" class=\"so-panel widget widget_black-studio-tinymce widget_black_studio_tinymce panel-first-child panel-last-child\" data-index=\"2\" ><div class=\"textwidget\"><h3>Auton korjaamo<\/h3>\n<table>\n<tbody>\n<tr>\n<td colspan=\"2\"><strong>Aukioloajat<\/strong><\/td>\n<\/tr>\n<tr>\n<td>Ma-Pe:\u00a0<\/td>\n<td>7.30-17.30<\/td>\n<\/tr>\n<tr>\n<td>&nbsp;<\/td>\n<td>&nbsp;<\/td>\n<\/tr>\n<tr>\n<td colspan=\"2\"><b>Yhteystiedot<\/b><\/td>\n<\/tr>\n<tr>\n<td>Puh:<\/td>\n<td>6658 620, -621<\/td>\n<\/tr>\n<tr>\n<td>\u00a0E-mail:<\/td>\n<td><a href=\"mailto:tahesaju@forss.ee\">tahesaju@forss.ee<\/a><\/td>\n<\/tr>\n<tr>\n<td>&nbsp;<\/td>\n<td>&nbsp;<\/td>\n<\/tr>\n<\/tbody>\n<\/table>\n<p>&nbsp;<\/p>\n<h3>\n<\/h3>\n<\/div><\/div><\/div><div id=\"pgc-5141-1-2\"  class=\"panel-grid-cell panel-grid-cell-empty\" ><\/div><\/div><div id=\"pg-5141-2\"  class=\"panel-grid panel-no-style\" ><div id=\"pgc-5141-2-0\"  class=\"panel-grid-cell\" ><div id=\"panel-5141-2-0-0\" class=\"so-panel widget widget_black-studio-tinymce widget_black_studio_tinymce panel-first-child\" data-index=\"3\" ><div class=\"textwidget\"><iframe src=\"https:\/\/www.google.com\/maps\/embed?pb=!1m14!1m8!1m3!1d2028.4146656768346!2d24.8547750601677!3d59.44283636315851!3m2!1i1024!2i768!4f13.1!3m3!1m2!1s0x4692eda4353b91af%3A0xc2555711fabb0c16!2sForss%20autovaruosad%20ja%20teenindus%20T%C3%A4hesajus!5e0!3m2!1set!2see!4v1760006184506!5m2!1set!2see\" width=\"600\" height=\"250\" style=\"border:0;width:100%!important\" allowfullscreen=\"\" loading=\"lazy\" referrerpolicy=\"no-referrer-when-downgrade\"><\/iframe><\/div><\/div><div id=\"panel-5141-2-0-1\" class=\"so-panel widget widget_black-studio-tinymce widget_black_studio_tinymce panel-last-child\" data-index=\"4\" ><h3 class=\"widget-title\">Palaute<\/h3><div class=\"textwidget\"><p>\n<div class=\"wpcf7 no-js\" id=\"wpcf7-f423-o1\" lang=\"et\" dir=\"ltr\" data-wpcf7-id=\"423\">\n<div class=\"screen-reader-response\"><p role=\"status\" aria-live=\"polite\" aria-atomic=\"true\"><\/p> <ul><\/ul><\/div>\n<form action=\"\/fi\/wp-json\/wp\/v2\/pages\/5141#wpcf7-f423-o1\" method=\"post\" class=\"wpcf7-form init\" aria-label=\"Contact form\" novalidate=\"novalidate\" data-status=\"init\">\n<fieldset class=\"hidden-fields-container\"><input type=\"hidden\" name=\"_wpcf7\" value=\"423\" \/><input type=\"hidden\" name=\"_wpcf7_version\" value=\"6.1.5\" \/><input type=\"hidden\" name=\"_wpcf7_locale\" value=\"et\" \/><input type=\"hidden\" name=\"_wpcf7_unit_tag\" value=\"wpcf7-f423-o1\" \/><input type=\"hidden\" name=\"_wpcf7_container_post\" value=\"0\" \/><input type=\"hidden\" name=\"_wpcf7_posted_data_hash\" value=\"\" \/><input type=\"hidden\" name=\"_wpcf7_recaptcha_response\" value=\"\" \/>\n<\/fieldset>\n<p>Nimi (Pakollinen kentt\u00e4)\n<\/p>\n<p><span class=\"wpcf7-form-control-wrap\" data-name=\"your-name\"><input size=\"40\" maxlength=\"400\" class=\"wpcf7-form-control wpcf7-text wpcf7-validates-as-required\" aria-required=\"true\" aria-invalid=\"false\" value=\"\" type=\"text\" name=\"your-name\" \/><\/span>\n<\/p>\n<p>S\u00e4hk\u00f6postiosoite (Pakollinen kentt\u00e4)\n<\/p>\n<p><span class=\"wpcf7-form-control-wrap\" data-name=\"your-email\"><input size=\"40\" maxlength=\"400\" class=\"wpcf7-form-control wpcf7-email wpcf7-validates-as-required wpcf7-text wpcf7-validates-as-email\" aria-required=\"true\" aria-invalid=\"false\" value=\"\" type=\"email\" name=\"your-email\" \/><\/span>\n<\/p>\n<p>Puhelinnumero (Pakollinen kentt\u00e4)\n<\/p>\n<p><span class=\"wpcf7-form-control-wrap\" data-name=\"tel-937\"><input size=\"40\" maxlength=\"400\" class=\"wpcf7-form-control wpcf7-tel wpcf7-validates-as-required wpcf7-text wpcf7-validates-as-tel\" aria-required=\"true\" aria-invalid=\"false\" value=\"\" type=\"tel\" name=\"tel-937\" \/><\/span>\n<\/p>\n<p>Aihe\n<\/p>\n<p><span class=\"wpcf7-form-control-wrap\" data-name=\"your-subject\"><input size=\"40\" maxlength=\"400\" class=\"wpcf7-form-control wpcf7-text\" aria-invalid=\"false\" value=\"\" type=\"text\" name=\"your-subject\" \/><\/span>\n<\/p>\n<p>Viesti\n<\/p>\n<p><span class=\"wpcf7-form-control-wrap\" data-name=\"your-message\"><textarea cols=\"40\" rows=\"10\" maxlength=\"2000\" class=\"wpcf7-form-control wpcf7-textarea\" aria-invalid=\"false\" name=\"your-message\"><\/textarea><\/span>\n<\/p>\n<p><input class=\"wpcf7-form-control wpcf7-submit has-spinner\" type=\"submit\" value=\"L\u00e4het\u00e4\" \/>\n<\/p><div class=\"wpcf7-response-output\" aria-hidden=\"true\"><\/div>\n<\/form>\n<\/div>\n<\/p><\/div><\/div><\/div><\/div><\/div>","protected":false},"excerpt":{"rendered":"<p>T\u00e4hesaju edustus\u00a0\/ V\u00e4liaikaisesti suljettu alkaen 30.03.2026 \/ T\u00e4hesaju tee 7 Tallinn 13917 Myyntiosasto Aukioloajat Ma-Pe:\u00a0 8:30 &#8211; 17.30 Yhteystiedot Puh: 6658 622, -623 S\u00e4hk\u00f6posti:\u00a0 tahesajuvaruosad@forss.ee<\/p>\n","protected":false},"author":1,"featured_media":0,"parent":397,"menu_order":20,"comment_status":"closed","ping_status":"closed","template":"","meta":{"_acf_changed":false,"_monsterinsights_skip_tracking":false,"_monsterinsights_sitenote_active":false,"_monsterinsights_sitenote_note":"","_monsterinsights_sitenote_category":0,"footnotes":"","_links_to":"","_links_to_target":""},"class_list":["post-5141","page","type-page","status-publish","hentry"],"acf":[],"yoast_head":"<!-- This site is optimized with the Yoast SEO plugin v27.5 - https:\/\/yoast.com\/product\/yoast-seo-wordpress\/ -->\n<title>T\u00e4hesaju - Forss<\/title>\n<meta name=\"robots\" content=\"index, follow, max-snippet:-1, max-image-preview:large, max-video-preview:-1\" \/>\n<link rel=\"canonical\" href=\"https:\/\/www.forss.ee\/fi\/kontakt\/tahesaju\/\" \/>\n<meta property=\"og:locale\" content=\"fi_FI\" \/>\n<meta property=\"og:type\" content=\"article\" \/>\n<meta property=\"og:title\" content=\"T\u00e4hesaju - Forss\" \/>\n<meta property=\"og:description\" content=\"T\u00e4hesaju edustus\u00a0\/ V\u00e4liaikaisesti suljettu alkaen 30.03.2026 \/ T\u00e4hesaju tee 7 Tallinn 13917 Myyntiosasto Aukioloajat Ma-Pe:\u00a0 8:30 - 17.30 Yhteystiedot Puh: 6658 622, -623 S\u00e4hk\u00f6posti:\u00a0 tahesajuvaruosad@forss.ee\" \/>\n<meta property=\"og:url\" content=\"https:\/\/www.forss.ee\/fi\/kontakt\/tahesaju\/\" \/>\n<meta property=\"og:site_name\" content=\"Forss\" \/>\n<meta property=\"article:modified_time\" content=\"2026-03-26T08:01:11+00:00\" \/>\n<meta name=\"twitter:label1\" content=\"Arvioitu lukuaika\" \/>\n\t<meta name=\"twitter:data1\" content=\"1 minuutti\" \/>\n<script type=\"application\/ld+json\" class=\"yoast-schema-graph\">{\"@context\":\"https:\\\/\\\/schema.org\",\"@graph\":[{\"@type\":\"WebPage\",\"@id\":\"https:\\\/\\\/www.forss.ee\\\/fi\\\/kontakt\\\/tahesaju\\\/\",\"url\":\"https:\\\/\\\/www.forss.ee\\\/fi\\\/kontakt\\\/tahesaju\\\/\",\"name\":\"T\u00e4hesaju - Forss\",\"isPartOf\":{\"@id\":\"https:\\\/\\\/www.forss.ee\\\/#website\"},\"datePublished\":\"2021-09-08T11:16:55+00:00\",\"dateModified\":\"2026-03-26T08:01:11+00:00\",\"breadcrumb\":{\"@id\":\"https:\\\/\\\/www.forss.ee\\\/fi\\\/kontakt\\\/tahesaju\\\/#breadcrumb\"},\"inLanguage\":\"fi\",\"potentialAction\":[{\"@type\":\"ReadAction\",\"target\":[\"https:\\\/\\\/www.forss.ee\\\/fi\\\/kontakt\\\/tahesaju\\\/\"]}]},{\"@type\":\"BreadcrumbList\",\"@id\":\"https:\\\/\\\/www.forss.ee\\\/fi\\\/kontakt\\\/tahesaju\\\/#breadcrumb\",\"itemListElement\":[{\"@type\":\"ListItem\",\"position\":1,\"name\":\"Home\",\"item\":\"https:\\\/\\\/www.forss.ee\\\/fi\\\/\"},{\"@type\":\"ListItem\",\"position\":2,\"name\":\"YHTEYSTIEDOT\",\"item\":\"https:\\\/\\\/www.forss.ee\\\/fi\\\/kontakt\\\/tallinn\\\/\"},{\"@type\":\"ListItem\",\"position\":3,\"name\":\"T\u00e4hesaju\"}]},{\"@type\":\"WebSite\",\"@id\":\"https:\\\/\\\/www.forss.ee\\\/#website\",\"url\":\"https:\\\/\\\/www.forss.ee\\\/\",\"name\":\"Forss\",\"description\":\"Forss: autospordi kogemusega meeskond\",\"potentialAction\":[{\"@type\":\"SearchAction\",\"target\":{\"@type\":\"EntryPoint\",\"urlTemplate\":\"https:\\\/\\\/www.forss.ee\\\/?s={search_term_string}\"},\"query-input\":{\"@type\":\"PropertyValueSpecification\",\"valueRequired\":true,\"valueName\":\"search_term_string\"}}],\"inLanguage\":\"fi\"}]}<\/script>\n<!-- \/ Yoast SEO plugin. -->","yoast_head_json":{"title":"T\u00e4hesaju - Forss","robots":{"index":"index","follow":"follow","max-snippet":"max-snippet:-1","max-image-preview":"max-image-preview:large","max-video-preview":"max-video-preview:-1"},"canonical":"https:\/\/www.forss.ee\/fi\/kontakt\/tahesaju\/","og_locale":"fi_FI","og_type":"article","og_title":"T\u00e4hesaju - Forss","og_description":"T\u00e4hesaju edustus\u00a0\/ V\u00e4liaikaisesti suljettu alkaen 30.03.2026 \/ T\u00e4hesaju tee 7 Tallinn 13917 Myyntiosasto Aukioloajat Ma-Pe:\u00a0 8:30 - 17.30 Yhteystiedot Puh: 6658 622, -623 S\u00e4hk\u00f6posti:\u00a0 tahesajuvaruosad@forss.ee","og_url":"https:\/\/www.forss.ee\/fi\/kontakt\/tahesaju\/","og_site_name":"Forss","article_modified_time":"2026-03-26T08:01:11+00:00","twitter_misc":{"Arvioitu lukuaika":"1 minuutti"},"schema":{"@context":"https:\/\/schema.org","@graph":[{"@type":"WebPage","@id":"https:\/\/www.forss.ee\/fi\/kontakt\/tahesaju\/","url":"https:\/\/www.forss.ee\/fi\/kontakt\/tahesaju\/","name":"T\u00e4hesaju - Forss","isPartOf":{"@id":"https:\/\/www.forss.ee\/#website"},"datePublished":"2021-09-08T11:16:55+00:00","dateModified":"2026-03-26T08:01:11+00:00","breadcrumb":{"@id":"https:\/\/www.forss.ee\/fi\/kontakt\/tahesaju\/#breadcrumb"},"inLanguage":"fi","potentialAction":[{"@type":"ReadAction","target":["https:\/\/www.forss.ee\/fi\/kontakt\/tahesaju\/"]}]},{"@type":"BreadcrumbList","@id":"https:\/\/www.forss.ee\/fi\/kontakt\/tahesaju\/#breadcrumb","itemListElement":[{"@type":"ListItem","position":1,"name":"Home","item":"https:\/\/www.forss.ee\/fi\/"},{"@type":"ListItem","position":2,"name":"YHTEYSTIEDOT","item":"https:\/\/www.forss.ee\/fi\/kontakt\/tallinn\/"},{"@type":"ListItem","position":3,"name":"T\u00e4hesaju"}]},{"@type":"WebSite","@id":"https:\/\/www.forss.ee\/#website","url":"https:\/\/www.forss.ee\/","name":"Forss","description":"Forss: autospordi kogemusega meeskond","potentialAction":[{"@type":"SearchAction","target":{"@type":"EntryPoint","urlTemplate":"https:\/\/www.forss.ee\/?s={search_term_string}"},"query-input":{"@type":"PropertyValueSpecification","valueRequired":true,"valueName":"search_term_string"}}],"inLanguage":"fi"}]}},"_links":{"self":[{"href":"https:\/\/www.forss.ee\/fi\/wp-json\/wp\/v2\/pages\/5141","targetHints":{"allow":["GET"]}}],"collection":[{"href":"https:\/\/www.forss.ee\/fi\/wp-json\/wp\/v2\/pages"}],"about":[{"href":"https:\/\/www.forss.ee\/fi\/wp-json\/wp\/v2\/types\/page"}],"author":[{"embeddable":true,"href":"https:\/\/www.forss.ee\/fi\/wp-json\/wp\/v2\/users\/1"}],"replies":[{"embeddable":true,"href":"https:\/\/www.forss.ee\/fi\/wp-json\/wp\/v2\/comments?post=5141"}],"version-history":[{"count":6,"href":"https:\/\/www.forss.ee\/fi\/wp-json\/wp\/v2\/pages\/5141\/revisions"}],"predecessor-version":[{"id":7660,"href":"https:\/\/www.forss.ee\/fi\/wp-json\/wp\/v2\/pages\/5141\/revisions\/7660"}],"up":[{"embeddable":true,"href":"https:\/\/www.forss.ee\/fi\/wp-json\/wp\/v2\/pages\/397"}],"wp:attachment":[{"href":"https:\/\/www.forss.ee\/fi\/wp-json\/wp\/v2\/media?parent=5141"}],"curies":[{"name":"wp","href":"https:\/\/api.w.org\/{rel}","templated":true}]}}