{"id":487,"date":"2014-08-26T12:42:36","date_gmt":"2014-08-26T09:42:36","guid":{"rendered":"https:\/\/www.forss.ee\/korjaukset-ja-huolto\/broneeri-aeg-autoteenindusse\/"},"modified":"2024-09-05T09:43:26","modified_gmt":"2024-09-05T06:43:26","slug":"broneeri-aeg-autoteenindusse","status":"publish","type":"page","link":"https:\/\/www.forss.ee\/fi\/korjaukset-ja-huolto\/broneeri-aeg-autoteenindusse\/","title":{"rendered":"Tarjouspyynt\u00f6"},"content":{"rendered":"<p><span style=\"color: #000000; font-size: 21px;\"><strong>Volkswagen, Audi, \u0160koda, SEAT ja CUPRA ajoneuvot<\/strong><\/span><\/p>\n<p>Tarjoamme asiakkaillemme runsaan 30 vuoden ty\u00f6kokemuksen turvin luotettavaa ja asiakasyst\u00e4v\u00e4llist\u00e4 palvelua. <a href=\"https:\/\/www.forss.ee\/korjaukset-ja-huolto\/?lang=fi\">LUE LIS\u00c4\u00c4<\/a><\/p>\n\n<div class=\"wpcf7 no-js\" id=\"wpcf7-f552-o1\" lang=\"et\" dir=\"ltr\" data-wpcf7-id=\"552\">\n<div class=\"screen-reader-response\"><p role=\"status\" aria-live=\"polite\" aria-atomic=\"true\"><\/p> <ul><\/ul><\/div>\n<form action=\"\/fi\/wp-json\/wp\/v2\/pages\/487#wpcf7-f552-o1\" method=\"post\" class=\"wpcf7-form init\" aria-label=\"Contact form\" novalidate=\"novalidate\" data-status=\"init\">\n<fieldset class=\"hidden-fields-container\"><input type=\"hidden\" name=\"_wpcf7\" value=\"552\" \/><input type=\"hidden\" name=\"_wpcf7_version\" value=\"6.1.5\" \/><input type=\"hidden\" name=\"_wpcf7_locale\" value=\"et\" \/><input type=\"hidden\" name=\"_wpcf7_unit_tag\" value=\"wpcf7-f552-o1\" \/><input type=\"hidden\" name=\"_wpcf7_container_post\" value=\"0\" \/><input type=\"hidden\" name=\"_wpcf7_posted_data_hash\" value=\"\" \/><input type=\"hidden\" name=\"_wpcf7_recaptcha_response\" value=\"\" \/>\n<\/fieldset>\n<div class=\"wpcf7-response-output\" aria-hidden=\"true\"><\/div>\n<div class=\"row\">\n\t<fieldset class=\"col-md-12\">\n\t\t<div class=\"set-title\">\n\t\t\t<p><span>AUTON TIEDOT<small>Anna tarkat tiedot<\/small><\/span>\n\t\t\t<\/p>\n\t\t<\/div>\n\t\t<div class=\"bg-col\">\n\t\t\t<div class=\"row\">\n\t\t\t\t<div class=\"col-md-3\">\n\t\t\t\t\t<p><label>Auton rekisterinro <abbr>*<\/abbr><\/label><br \/>\n<span class=\"wpcf7-form-control-wrap\" data-name=\"text-901\"><input size=\"40\" maxlength=\"400\" class=\"wpcf7-form-control wpcf7-text wpcf7-validates-as-required\" aria-required=\"true\" aria-invalid=\"false\" value=\"\" type=\"text\" name=\"text-901\" \/><\/span>\n\t\t\t\t\t<\/p>\n\t\t\t\t<\/div>\n\t\t\t\t<div class=\"col-md-3\">\n\t\t\t\t\t<p><label>Auton valmistenumero (VIN)<\/label><br \/>\n<span class=\"wpcf7-form-control-wrap\" data-name=\"text-630\"><input size=\"40\" maxlength=\"400\" class=\"wpcf7-form-control wpcf7-text\" aria-invalid=\"false\" value=\"\" type=\"text\" name=\"text-630\" \/><\/span>\n\t\t\t\t\t<\/p>\n\t\t\t\t<\/div>\n\t\t\t\t<div class=\"col-md-4\">\n\t\t\t\t\t<p><label>Sijainti <abbr>*<\/abbr><\/label><br \/>\n<span class=\"wpcf7-form-control-wrap\" data-name=\"checkbox-451\"><span class=\"wpcf7-form-control wpcf7-radio\"><span class=\"wpcf7-list-item first\"><label><input type=\"radio\" name=\"checkbox-451\" value=\"T\u00e4hesaju\" \/><span class=\"wpcf7-list-item-label\">T\u00e4hesaju<\/span><\/label><\/span><span class=\"wpcf7-list-item\"><label><input type=\"radio\" name=\"checkbox-451\" value=\"Peetri\" \/><span class=\"wpcf7-list-item-label\">Peetri<\/span><\/label><\/span><span class=\"wpcf7-list-item\"><label><input type=\"radio\" name=\"checkbox-451\" value=\"Mooni\" \/><span class=\"wpcf7-list-item-label\">Mooni<\/span><\/label><\/span><span class=\"wpcf7-list-item last\"><label><input type=\"radio\" name=\"checkbox-451\" value=\"Tartu\" \/><span class=\"wpcf7-list-item-label\">Tartu<\/span><\/label><\/span><\/span><\/span>\n\t\t\t\t\t<\/p>\n\t\t\t\t<\/div>\n\t\t\t<\/div>\n\t\t<\/div>\n\t<\/fieldset>\n<\/div>\n<div class=\"row\">\n\t<fieldset class=\"col-md-4\">\n\t\t<div class=\"set-title\">\n\t\t\t<p><span>TARVITTAVAT TY\u00d6T<small>Korjausty\u00f6t \/ huolto<\/small><\/span>\n\t\t\t<\/p>\n\t\t<\/div>\n\t\t<div class=\"bg-col\">\n\t\t\t<div class=\"row\">\n\t\t\t\t<div class=\"col-md-12\">\n\t\t\t\t\t<p><label>Korjaustarpeen tai ongelman kuvaus <abbr>*<\/abbr><\/label><br \/>\n<span class=\"wpcf7-form-control-wrap\" data-name=\"textarea-987\"><textarea cols=\"40\" rows=\"4\" maxlength=\"2000\" class=\"wpcf7-form-control wpcf7-textarea wpcf7-validates-as-required\" aria-required=\"true\" aria-invalid=\"false\" name=\"textarea-987\"><\/textarea><\/span>\n\t\t\t\t\t<\/p>\n\t\t\t\t<\/div>\n\t\t\t\t<div class=\"col-md-12\">\n\t\t\t\t\t<p><label>Auton mittarilukema<\/label><br \/>\n<span class=\"wpcf7-form-control-wrap\" data-name=\"text-673\"><input size=\"40\" maxlength=\"400\" class=\"wpcf7-form-control wpcf7-text\" aria-invalid=\"false\" value=\"\" type=\"text\" name=\"text-673\" \/><\/span>\n\t\t\t\t\t<\/p>\n\t\t\t\t<\/div>\n\t\t\t<\/div>\n\t\t<\/div>\n\t<\/fieldset>\n\t<fieldset class=\"col-md-8\">\n\t\t<div class=\"set-title\">\n\t\t\t<p><span>ASIAKKAAN TIEDOT<small>Anna yhteystietosi<\/small><\/span>\n\t\t\t<\/p>\n\t\t<\/div>\n\t\t<div class=\"bg-col\">\n\t\t\t<div class=\"row\">\n\t\t\t\t<div class=\"col-md-6\">\n\t\t\t\t\t<p><label>Etu- ja sukunimi<\/label><br \/>\n<span class=\"wpcf7-form-control-wrap\" data-name=\"text-135\"><input size=\"40\" maxlength=\"400\" class=\"wpcf7-form-control wpcf7-text\" aria-invalid=\"false\" value=\"\" type=\"text\" name=\"text-135\" \/><\/span>\n\t\t\t\t\t<\/p>\n\t\t\t\t<\/div>\n\t\t\t\t<div class=\"col-md-6\">\n\t\t\t\t\t<p><label>S\u00e4hk\u00f6postiosoite <abbr>*<\/abbr><\/label><br \/>\n<span class=\"wpcf7-form-control-wrap\" data-name=\"your-email\"><input size=\"40\" maxlength=\"400\" class=\"wpcf7-form-control wpcf7-email wpcf7-validates-as-required wpcf7-text wpcf7-validates-as-email\" aria-required=\"true\" aria-invalid=\"false\" value=\"\" type=\"email\" name=\"your-email\" \/><\/span>\n\t\t\t\t\t<\/p>\n\t\t\t\t<\/div>\n\t\t\t\t<div class=\"col-md-6\">\n\t\t\t\t\t<p><label>Puhelinnumero <abbr>*<\/abbr><\/label><br \/>\n<span class=\"wpcf7-form-control-wrap\" data-name=\"text-614\"><input size=\"40\" maxlength=\"400\" class=\"wpcf7-form-control wpcf7-text wpcf7-validates-as-required\" aria-required=\"true\" aria-invalid=\"false\" value=\"\" type=\"text\" name=\"text-614\" \/><\/span>\n\t\t\t\t\t<\/p>\n\t\t\t\t<\/div>\n\t\t\t\t<div class=\"col-md-6\">\n\t\t\t\t\t<p><label>Kanta-asiakaskortin nro<span>(mik\u00e4li sellainen on)<\/span><\/label><br \/>\n<span class=\"wpcf7-form-control-wrap\" data-name=\"text-978\"><input size=\"40\" maxlength=\"400\" class=\"wpcf7-form-control wpcf7-text\" aria-invalid=\"false\" value=\"\" type=\"text\" name=\"text-978\" \/><\/span>\n\t\t\t\t\t<\/p>\n\t\t\t\t<\/div>\n\t\t\t<\/div>\n\t\t<\/div>\n\t\t<div class=\"row\">\n\t\t\t<div class=\"col-md-6 pull-right\">\n\t\t\t\t<p><input class=\"wpcf7-form-control wpcf7-submit has-spinner big-btn gear\" type=\"submit\" value=\"L\u00c4HET\u00c4 PYYNT\u00d6\" \/>\n\t\t\t\t<\/p>\n\t\t\t<\/div>\n\t\t<\/div>\n\t<\/fieldset>\n<\/div>\n<\/form>\n<\/div>\n\n","protected":false},"excerpt":{"rendered":"<p>Volkswagen, Audi, \u0160koda, SEAT ja CUPRA ajoneuvot Tarjoamme asiakkaillemme runsaan 30 vuoden ty\u00f6kokemuksen turvin luotettavaa ja asiakasyst\u00e4v\u00e4llist\u00e4 palvelua. LUE LIS\u00c4\u00c4<\/p>\n","protected":false},"author":1,"featured_media":0,"parent":352,"menu_order":10,"comment_status":"closed","ping_status":"closed","template":"","meta":{"_acf_changed":false,"_monsterinsights_skip_tracking":false,"_monsterinsights_sitenote_active":false,"_monsterinsights_sitenote_note":"","_monsterinsights_sitenote_category":0,"footnotes":"","_links_to":"","_links_to_target":""},"class_list":["post-487","page","type-page","status-publish","hentry"],"acf":[],"yoast_head":"<!-- This site is optimized with the Yoast SEO plugin v27.2 - https:\/\/yoast.com\/product\/yoast-seo-wordpress\/ -->\n<title>Tarjouspyynt\u00f6 - Forss<\/title>\n<meta name=\"robots\" content=\"index, follow, max-snippet:-1, max-image-preview:large, max-video-preview:-1\" \/>\n<link rel=\"canonical\" href=\"https:\/\/www.forss.ee\/fi\/korjaukset-ja-huolto\/broneeri-aeg-autoteenindusse\/\" \/>\n<meta property=\"og:locale\" content=\"fi_FI\" \/>\n<meta property=\"og:type\" content=\"article\" \/>\n<meta property=\"og:title\" content=\"Tarjouspyynt\u00f6 - Forss\" \/>\n<meta property=\"og:description\" content=\"Volkswagen, Audi, \u0160koda, SEAT ja CUPRA ajoneuvot Tarjoamme asiakkaillemme runsaan 30 vuoden ty\u00f6kokemuksen turvin luotettavaa ja asiakasyst\u00e4v\u00e4llist\u00e4 palvelua. LUE LIS\u00c4\u00c4\" \/>\n<meta property=\"og:url\" content=\"https:\/\/www.forss.ee\/fi\/korjaukset-ja-huolto\/broneeri-aeg-autoteenindusse\/\" \/>\n<meta property=\"og:site_name\" content=\"Forss\" \/>\n<meta property=\"article:modified_time\" content=\"2024-09-05T06:43:26+00:00\" \/>\n<meta name=\"twitter:label1\" content=\"Arvioitu lukuaika\" \/>\n\t<meta name=\"twitter:data1\" content=\"1 minuutti\" \/>\n<script type=\"application\/ld+json\" class=\"yoast-schema-graph\">{\"@context\":\"https:\/\/schema.org\",\"@graph\":[{\"@type\":\"WebPage\",\"@id\":\"https:\/\/www.forss.ee\/fi\/korjaukset-ja-huolto\/broneeri-aeg-autoteenindusse\/\",\"url\":\"https:\/\/www.forss.ee\/fi\/korjaukset-ja-huolto\/broneeri-aeg-autoteenindusse\/\",\"name\":\"Tarjouspyynt\u00f6 - Forss\",\"isPartOf\":{\"@id\":\"https:\/\/www.forss.ee\/#website\"},\"datePublished\":\"2014-08-26T09:42:36+00:00\",\"dateModified\":\"2024-09-05T06:43:26+00:00\",\"breadcrumb\":{\"@id\":\"https:\/\/www.forss.ee\/fi\/korjaukset-ja-huolto\/broneeri-aeg-autoteenindusse\/#breadcrumb\"},\"inLanguage\":\"fi\",\"potentialAction\":[{\"@type\":\"ReadAction\",\"target\":[\"https:\/\/www.forss.ee\/fi\/korjaukset-ja-huolto\/broneeri-aeg-autoteenindusse\/\"]}]},{\"@type\":\"BreadcrumbList\",\"@id\":\"https:\/\/www.forss.ee\/fi\/korjaukset-ja-huolto\/broneeri-aeg-autoteenindusse\/#breadcrumb\",\"itemListElement\":[{\"@type\":\"ListItem\",\"position\":1,\"name\":\"Home\",\"item\":\"https:\/\/www.forss.ee\/fi\/\"},{\"@type\":\"ListItem\",\"position\":2,\"name\":\"HUOLTAMO\",\"item\":\"https:\/\/www.forss.ee\/fi\/korjaukset-ja-huolto\/\"},{\"@type\":\"ListItem\",\"position\":3,\"name\":\"Tarjouspyynt\u00f6\"}]},{\"@type\":\"WebSite\",\"@id\":\"https:\/\/www.forss.ee\/#website\",\"url\":\"https:\/\/www.forss.ee\/\",\"name\":\"Forss\",\"description\":\"Forss: autospordi kogemusega meeskond\",\"potentialAction\":[{\"@type\":\"SearchAction\",\"target\":{\"@type\":\"EntryPoint\",\"urlTemplate\":\"https:\/\/www.forss.ee\/?s={search_term_string}\"},\"query-input\":{\"@type\":\"PropertyValueSpecification\",\"valueRequired\":true,\"valueName\":\"search_term_string\"}}],\"inLanguage\":\"fi\"}]}<\/script>\n<!-- \/ Yoast SEO plugin. -->","yoast_head_json":{"title":"Tarjouspyynt\u00f6 - Forss","robots":{"index":"index","follow":"follow","max-snippet":"max-snippet:-1","max-image-preview":"max-image-preview:large","max-video-preview":"max-video-preview:-1"},"canonical":"https:\/\/www.forss.ee\/fi\/korjaukset-ja-huolto\/broneeri-aeg-autoteenindusse\/","og_locale":"fi_FI","og_type":"article","og_title":"Tarjouspyynt\u00f6 - Forss","og_description":"Volkswagen, Audi, \u0160koda, SEAT ja CUPRA ajoneuvot Tarjoamme asiakkaillemme runsaan 30 vuoden ty\u00f6kokemuksen turvin luotettavaa ja asiakasyst\u00e4v\u00e4llist\u00e4 palvelua. LUE LIS\u00c4\u00c4","og_url":"https:\/\/www.forss.ee\/fi\/korjaukset-ja-huolto\/broneeri-aeg-autoteenindusse\/","og_site_name":"Forss","article_modified_time":"2024-09-05T06:43:26+00:00","twitter_misc":{"Arvioitu lukuaika":"1 minuutti"},"schema":{"@context":"https:\/\/schema.org","@graph":[{"@type":"WebPage","@id":"https:\/\/www.forss.ee\/fi\/korjaukset-ja-huolto\/broneeri-aeg-autoteenindusse\/","url":"https:\/\/www.forss.ee\/fi\/korjaukset-ja-huolto\/broneeri-aeg-autoteenindusse\/","name":"Tarjouspyynt\u00f6 - Forss","isPartOf":{"@id":"https:\/\/www.forss.ee\/#website"},"datePublished":"2014-08-26T09:42:36+00:00","dateModified":"2024-09-05T06:43:26+00:00","breadcrumb":{"@id":"https:\/\/www.forss.ee\/fi\/korjaukset-ja-huolto\/broneeri-aeg-autoteenindusse\/#breadcrumb"},"inLanguage":"fi","potentialAction":[{"@type":"ReadAction","target":["https:\/\/www.forss.ee\/fi\/korjaukset-ja-huolto\/broneeri-aeg-autoteenindusse\/"]}]},{"@type":"BreadcrumbList","@id":"https:\/\/www.forss.ee\/fi\/korjaukset-ja-huolto\/broneeri-aeg-autoteenindusse\/#breadcrumb","itemListElement":[{"@type":"ListItem","position":1,"name":"Home","item":"https:\/\/www.forss.ee\/fi\/"},{"@type":"ListItem","position":2,"name":"HUOLTAMO","item":"https:\/\/www.forss.ee\/fi\/korjaukset-ja-huolto\/"},{"@type":"ListItem","position":3,"name":"Tarjouspyynt\u00f6"}]},{"@type":"WebSite","@id":"https:\/\/www.forss.ee\/#website","url":"https:\/\/www.forss.ee\/","name":"Forss","description":"Forss: autospordi kogemusega meeskond","potentialAction":[{"@type":"SearchAction","target":{"@type":"EntryPoint","urlTemplate":"https:\/\/www.forss.ee\/?s={search_term_string}"},"query-input":{"@type":"PropertyValueSpecification","valueRequired":true,"valueName":"search_term_string"}}],"inLanguage":"fi"}]}},"_links":{"self":[{"href":"https:\/\/www.forss.ee\/fi\/wp-json\/wp\/v2\/pages\/487","targetHints":{"allow":["GET"]}}],"collection":[{"href":"https:\/\/www.forss.ee\/fi\/wp-json\/wp\/v2\/pages"}],"about":[{"href":"https:\/\/www.forss.ee\/fi\/wp-json\/wp\/v2\/types\/page"}],"author":[{"embeddable":true,"href":"https:\/\/www.forss.ee\/fi\/wp-json\/wp\/v2\/users\/1"}],"replies":[{"embeddable":true,"href":"https:\/\/www.forss.ee\/fi\/wp-json\/wp\/v2\/comments?post=487"}],"version-history":[{"count":8,"href":"https:\/\/www.forss.ee\/fi\/wp-json\/wp\/v2\/pages\/487\/revisions"}],"predecessor-version":[{"id":7128,"href":"https:\/\/www.forss.ee\/fi\/wp-json\/wp\/v2\/pages\/487\/revisions\/7128"}],"up":[{"embeddable":true,"href":"https:\/\/www.forss.ee\/fi\/wp-json\/wp\/v2\/pages\/352"}],"wp:attachment":[{"href":"https:\/\/www.forss.ee\/fi\/wp-json\/wp\/v2\/media?parent=487"}],"curies":[{"name":"wp","href":"https:\/\/api.w.org\/{rel}","templated":true}]}}