{"id":427,"date":"2014-08-25T14:21:09","date_gmt":"2014-08-25T11:21:09","guid":{"rendered":"https:\/\/www.forss.ee\/kontakt\/tartu\/"},"modified":"2026-03-26T10:38:38","modified_gmt":"2026-03-26T08:38:38","slug":"tartu","status":"publish","type":"page","link":"https:\/\/www.forss.ee\/fi\/kontakt\/tartu\/","title":{"rendered":"Tartu"},"content":{"rendered":"<div id=\"pl-427\"  class=\"panel-layout\" ><div id=\"pg-427-0\"  class=\"panel-grid panel-no-style\" ><div id=\"pgc-427-0-0\"  class=\"panel-grid-cell\" ><div id=\"panel-427-0-0-0\" class=\"so-panel widget widget_black-studio-tinymce widget_black_studio_tinymce panel-first-child panel-last-child\" data-index=\"0\" ><div class=\"textwidget\"><h2><strong style=\"color: #444444;\">Tarton edustus<\/strong><\/h2>\n<p>Aardla 23c, Tartu 50110<\/p>\n<\/div><\/div><\/div><\/div><div id=\"pg-427-1\"  class=\"panel-grid panel-no-style\" ><div id=\"pgc-427-1-0\"  class=\"panel-grid-cell\" ><div id=\"panel-427-1-0-0\" class=\"so-panel widget widget_black-studio-tinymce widget_black_studio_tinymce panel-first-child panel-last-child\" data-index=\"1\" ><div class=\"textwidget\"><h3>Myym\u00e4l\u00e4<\/h3>\n<table>\n<tbody>\n<tr>\n<td style=\"padding-top: 10px;\" colspan=\"2\"><strong>Aukioloajat<\/strong><\/td>\n<\/tr>\n<tr>\n<td>Ma-Pe:\u00a0<\/td>\n<td>9.00 - 18.00<\/td>\n<\/tr>\n<tr>\n<td>&nbsp;<\/td>\n<td>&nbsp;<\/td>\n<\/tr>\n<tr>\n<td style=\"padding-top: 10px;\" colspan=\"2\">Yhteystiedot<\/td>\n<\/tr>\n<tr>\n<td>Puh:<\/td>\n<td>+372 7337 020<\/td>\n<\/tr>\n<tr>\n<td>&nbsp;<\/td>\n<td>+372 7337 022<\/td>\n<\/tr>\n<tr>\n<td>S\u00e4hk\u00f6posti:\u00a0<\/td>\n<td><a href=\"mailto:tarfor@forss.ee\">tarfor@forss.ee<\/a><\/td>\n<\/tr>\n<\/tbody>\n<\/table>\n<\/div><\/div><\/div><div id=\"pgc-427-1-1\"  class=\"panel-grid-cell\" ><div id=\"panel-427-1-1-0\" class=\"so-panel widget widget_black-studio-tinymce widget_black_studio_tinymce panel-first-child panel-last-child\" data-index=\"2\" ><div class=\"textwidget\"><h3>Auton korjaamo<\/h3>\n<table>\n<tbody>\n<tr>\n<td colspan=\"2\"><strong>Aukioloajat<\/strong><\/td>\n<\/tr>\n<tr>\n<td>Ma-Pe:\u00a0<\/td>\n<td>8.00-17.00<\/td>\n<\/tr>\n<tr>\n<td>\u00a0<\/td>\n<td>\u00a0<\/td>\n<\/tr>\n<tr>\n<td colspan=\"2\"><b>Yhteystiedot<\/b><\/td>\n<\/tr>\n<tr>\n<td>Puh:<\/td>\n<td>+372 7337 027<\/td>\n<\/tr>\n<tr>\n<td>\u00a0E-mail:<\/td>\n<td><a href=\"mailto:tartutood@forss.ee\">tartutood@forss.ee<\/a><\/td>\n<\/tr>\n<tr>\n<td>\u00a0<\/td>\n<td>\u00a0<\/td>\n<\/tr>\n<\/tbody>\n<\/table>\n<\/div><\/div><\/div><div id=\"pgc-427-1-2\"  class=\"panel-grid-cell\" ><div id=\"panel-427-1-2-0\" class=\"so-panel widget widget_black-studio-tinymce widget_black_studio_tinymce panel-first-child panel-last-child\" data-index=\"3\" ><div class=\"textwidget\"><p><a href=\"https:\/\/www.forss.ee\/wp-content\/uploads\/2014\/10\/Tartu-m\u00fc\u00fcgiesindus.jpg\"><img decoding=\"async\" class=\"alignleft wp-image-980 size-full\" src=\"https:\/\/www.forss.ee\/wp-content\/uploads\/2014\/10\/Tartu-m\u00fc\u00fcgiesindus.jpg\" alt=\"Tartu m\u00fc\u00fcgiesindus\" width=\"400\" height=\"189\" srcset=\"https:\/\/www.forss.ee\/wp-content\/uploads\/2014\/10\/Tartu-m\u00fc\u00fcgiesindus.jpg 400w, https:\/\/www.forss.ee\/wp-content\/uploads\/2014\/10\/Tartu-m\u00fc\u00fcgiesindus-300x142.jpg 300w\" sizes=\"(max-width: 400px) 100vw, 400px\" \/><\/a><\/p><\/div><\/div><\/div><\/div><div id=\"pg-427-2\"  class=\"panel-grid panel-no-style\" ><div id=\"pgc-427-2-0\"  class=\"panel-grid-cell\" ><div id=\"panel-427-2-0-0\" class=\"so-panel widget widget_black-studio-tinymce widget_black_studio_tinymce panel-first-child\" data-index=\"4\" ><div class=\"textwidget\"><iframe src=\"https:\/\/www.google.com\/maps\/embed?pb=!1m14!1m8!1m3!1d1046.6215794313862!2d26.720183!3d58.35556900000001!3m2!1i1024!2i768!4f13.1!3m3!1m2!1s0x46eb3739fafdabad%3A0xb8b4d26120444cec!2sForss%20Tartu%2C%20Tarfor%20Ltd.!5e0!3m2!1sen!2sus!4v1760006242993!5m2!1sen!2sus\" width=\"600\" height=\"250\" style=\"border:0;width:100%!important\" allowfullscreen=\"\" loading=\"lazy\" referrerpolicy=\"no-referrer-when-downgrade\"><\/iframe><\/div><\/div><div id=\"panel-427-2-0-1\" class=\"so-panel widget widget_black-studio-tinymce widget_black_studio_tinymce panel-last-child\" data-index=\"5\" ><h3 class=\"widget-title\">Palaute<\/h3><div class=\"textwidget\"><p>\n<div class=\"wpcf7 no-js\" id=\"wpcf7-f423-o1\" lang=\"et\" dir=\"ltr\" data-wpcf7-id=\"423\">\n<div class=\"screen-reader-response\"><p role=\"status\" aria-live=\"polite\" aria-atomic=\"true\"><\/p> <ul><\/ul><\/div>\n<form action=\"\/fi\/wp-json\/wp\/v2\/pages\/427#wpcf7-f423-o1\" method=\"post\" class=\"wpcf7-form init\" aria-label=\"Contact form\" novalidate=\"novalidate\" data-status=\"init\">\n<fieldset class=\"hidden-fields-container\"><input type=\"hidden\" name=\"_wpcf7\" value=\"423\" \/><input type=\"hidden\" name=\"_wpcf7_version\" value=\"6.1.5\" \/><input type=\"hidden\" name=\"_wpcf7_locale\" value=\"et\" \/><input type=\"hidden\" name=\"_wpcf7_unit_tag\" value=\"wpcf7-f423-o1\" \/><input type=\"hidden\" name=\"_wpcf7_container_post\" value=\"0\" \/><input type=\"hidden\" name=\"_wpcf7_posted_data_hash\" value=\"\" \/><input type=\"hidden\" name=\"_wpcf7_recaptcha_response\" value=\"\" \/>\n<\/fieldset>\n<p>Nimi (Pakollinen kentt\u00e4)\n<\/p>\n<p><span class=\"wpcf7-form-control-wrap\" data-name=\"your-name\"><input size=\"40\" maxlength=\"400\" class=\"wpcf7-form-control wpcf7-text wpcf7-validates-as-required\" aria-required=\"true\" aria-invalid=\"false\" value=\"\" type=\"text\" name=\"your-name\" \/><\/span>\n<\/p>\n<p>S\u00e4hk\u00f6postiosoite (Pakollinen kentt\u00e4)\n<\/p>\n<p><span class=\"wpcf7-form-control-wrap\" data-name=\"your-email\"><input size=\"40\" maxlength=\"400\" class=\"wpcf7-form-control wpcf7-email wpcf7-validates-as-required wpcf7-text wpcf7-validates-as-email\" aria-required=\"true\" aria-invalid=\"false\" value=\"\" type=\"email\" name=\"your-email\" \/><\/span>\n<\/p>\n<p>Puhelinnumero (Pakollinen kentt\u00e4)\n<\/p>\n<p><span class=\"wpcf7-form-control-wrap\" data-name=\"tel-937\"><input size=\"40\" maxlength=\"400\" class=\"wpcf7-form-control wpcf7-tel wpcf7-validates-as-required wpcf7-text wpcf7-validates-as-tel\" aria-required=\"true\" aria-invalid=\"false\" value=\"\" type=\"tel\" name=\"tel-937\" \/><\/span>\n<\/p>\n<p>Aihe\n<\/p>\n<p><span class=\"wpcf7-form-control-wrap\" data-name=\"your-subject\"><input size=\"40\" maxlength=\"400\" class=\"wpcf7-form-control wpcf7-text\" aria-invalid=\"false\" value=\"\" type=\"text\" name=\"your-subject\" \/><\/span>\n<\/p>\n<p>Viesti\n<\/p>\n<p><span class=\"wpcf7-form-control-wrap\" data-name=\"your-message\"><textarea cols=\"40\" rows=\"10\" maxlength=\"2000\" class=\"wpcf7-form-control wpcf7-textarea\" aria-invalid=\"false\" name=\"your-message\"><\/textarea><\/span>\n<\/p>\n<p><input class=\"wpcf7-form-control wpcf7-submit has-spinner\" type=\"submit\" value=\"L\u00e4het\u00e4\" \/>\n<\/p><div class=\"wpcf7-response-output\" aria-hidden=\"true\"><\/div>\n<\/form>\n<\/div>\n<\/p><\/div><\/div><\/div><\/div><\/div>","protected":false},"excerpt":{"rendered":"<p>Tarton edustus Aardla 23c, Tartu 50110 Myym\u00e4l\u00e4 Aukioloajat Ma-Pe:\u00a0 9.00 &#8211; 18.00 &nbsp; &nbsp; Yhteystiedot Puh: +372 7337 020 &nbsp; +372 7337 022 S\u00e4hk\u00f6posti:\u00a0 tarfor@forss.ee<\/p>\n","protected":false},"author":1,"featured_media":0,"parent":397,"menu_order":30,"comment_status":"closed","ping_status":"closed","template":"","meta":{"_acf_changed":false,"_monsterinsights_skip_tracking":false,"_monsterinsights_sitenote_active":false,"_monsterinsights_sitenote_note":"","_monsterinsights_sitenote_category":0,"footnotes":"","_links_to":"","_links_to_target":""},"class_list":["post-427","page","type-page","status-publish","hentry"],"acf":[],"yoast_head":"<!-- This site is optimized with the Yoast SEO plugin v27.2 - https:\/\/yoast.com\/product\/yoast-seo-wordpress\/ -->\n<title>Tartu - Forss<\/title>\n<meta name=\"robots\" content=\"index, follow, max-snippet:-1, max-image-preview:large, max-video-preview:-1\" \/>\n<link rel=\"canonical\" href=\"https:\/\/www.forss.ee\/fi\/kontakt\/tartu\/\" \/>\n<meta property=\"og:locale\" content=\"fi_FI\" \/>\n<meta property=\"og:type\" content=\"article\" \/>\n<meta property=\"og:title\" content=\"Tartu - Forss\" \/>\n<meta property=\"og:description\" content=\"Tarton edustus Aardla 23c, Tartu 50110 Myym\u00e4l\u00e4 Aukioloajat Ma-Pe:\u00a0 9.00 - 18.00 &nbsp; &nbsp; Yhteystiedot Puh: +372 7337 020 &nbsp; +372 7337 022 S\u00e4hk\u00f6posti:\u00a0 tarfor@forss.ee\" \/>\n<meta property=\"og:url\" content=\"https:\/\/www.forss.ee\/fi\/kontakt\/tartu\/\" \/>\n<meta property=\"og:site_name\" content=\"Forss\" \/>\n<meta property=\"article:modified_time\" content=\"2026-03-26T08:38:38+00:00\" \/>\n<meta name=\"twitter:label1\" content=\"Arvioitu lukuaika\" \/>\n\t<meta name=\"twitter:data1\" content=\"1 minuutti\" \/>\n<script type=\"application\/ld+json\" class=\"yoast-schema-graph\">{\"@context\":\"https:\/\/schema.org\",\"@graph\":[{\"@type\":\"WebPage\",\"@id\":\"https:\/\/www.forss.ee\/fi\/kontakt\/tartu\/\",\"url\":\"https:\/\/www.forss.ee\/fi\/kontakt\/tartu\/\",\"name\":\"Tartu - Forss\",\"isPartOf\":{\"@id\":\"https:\/\/www.forss.ee\/#website\"},\"datePublished\":\"2014-08-25T11:21:09+00:00\",\"dateModified\":\"2026-03-26T08:38:38+00:00\",\"breadcrumb\":{\"@id\":\"https:\/\/www.forss.ee\/fi\/kontakt\/tartu\/#breadcrumb\"},\"inLanguage\":\"fi\",\"potentialAction\":[{\"@type\":\"ReadAction\",\"target\":[\"https:\/\/www.forss.ee\/fi\/kontakt\/tartu\/\"]}]},{\"@type\":\"BreadcrumbList\",\"@id\":\"https:\/\/www.forss.ee\/fi\/kontakt\/tartu\/#breadcrumb\",\"itemListElement\":[{\"@type\":\"ListItem\",\"position\":1,\"name\":\"Home\",\"item\":\"https:\/\/www.forss.ee\/fi\/\"},{\"@type\":\"ListItem\",\"position\":2,\"name\":\"YHTEYSTIEDOT\",\"item\":\"https:\/\/www.forss.ee\/fi\/kontakt\/tallinn\/\"},{\"@type\":\"ListItem\",\"position\":3,\"name\":\"Tartu\"}]},{\"@type\":\"WebSite\",\"@id\":\"https:\/\/www.forss.ee\/#website\",\"url\":\"https:\/\/www.forss.ee\/\",\"name\":\"Forss\",\"description\":\"Forss: autospordi kogemusega meeskond\",\"potentialAction\":[{\"@type\":\"SearchAction\",\"target\":{\"@type\":\"EntryPoint\",\"urlTemplate\":\"https:\/\/www.forss.ee\/?s={search_term_string}\"},\"query-input\":{\"@type\":\"PropertyValueSpecification\",\"valueRequired\":true,\"valueName\":\"search_term_string\"}}],\"inLanguage\":\"fi\"}]}<\/script>\n<!-- \/ Yoast SEO plugin. -->","yoast_head_json":{"title":"Tartu - Forss","robots":{"index":"index","follow":"follow","max-snippet":"max-snippet:-1","max-image-preview":"max-image-preview:large","max-video-preview":"max-video-preview:-1"},"canonical":"https:\/\/www.forss.ee\/fi\/kontakt\/tartu\/","og_locale":"fi_FI","og_type":"article","og_title":"Tartu - Forss","og_description":"Tarton edustus Aardla 23c, Tartu 50110 Myym\u00e4l\u00e4 Aukioloajat Ma-Pe:\u00a0 9.00 - 18.00 &nbsp; &nbsp; Yhteystiedot Puh: +372 7337 020 &nbsp; +372 7337 022 S\u00e4hk\u00f6posti:\u00a0 tarfor@forss.ee","og_url":"https:\/\/www.forss.ee\/fi\/kontakt\/tartu\/","og_site_name":"Forss","article_modified_time":"2026-03-26T08:38:38+00:00","twitter_misc":{"Arvioitu lukuaika":"1 minuutti"},"schema":{"@context":"https:\/\/schema.org","@graph":[{"@type":"WebPage","@id":"https:\/\/www.forss.ee\/fi\/kontakt\/tartu\/","url":"https:\/\/www.forss.ee\/fi\/kontakt\/tartu\/","name":"Tartu - Forss","isPartOf":{"@id":"https:\/\/www.forss.ee\/#website"},"datePublished":"2014-08-25T11:21:09+00:00","dateModified":"2026-03-26T08:38:38+00:00","breadcrumb":{"@id":"https:\/\/www.forss.ee\/fi\/kontakt\/tartu\/#breadcrumb"},"inLanguage":"fi","potentialAction":[{"@type":"ReadAction","target":["https:\/\/www.forss.ee\/fi\/kontakt\/tartu\/"]}]},{"@type":"BreadcrumbList","@id":"https:\/\/www.forss.ee\/fi\/kontakt\/tartu\/#breadcrumb","itemListElement":[{"@type":"ListItem","position":1,"name":"Home","item":"https:\/\/www.forss.ee\/fi\/"},{"@type":"ListItem","position":2,"name":"YHTEYSTIEDOT","item":"https:\/\/www.forss.ee\/fi\/kontakt\/tallinn\/"},{"@type":"ListItem","position":3,"name":"Tartu"}]},{"@type":"WebSite","@id":"https:\/\/www.forss.ee\/#website","url":"https:\/\/www.forss.ee\/","name":"Forss","description":"Forss: autospordi kogemusega meeskond","potentialAction":[{"@type":"SearchAction","target":{"@type":"EntryPoint","urlTemplate":"https:\/\/www.forss.ee\/?s={search_term_string}"},"query-input":{"@type":"PropertyValueSpecification","valueRequired":true,"valueName":"search_term_string"}}],"inLanguage":"fi"}]}},"_links":{"self":[{"href":"https:\/\/www.forss.ee\/fi\/wp-json\/wp\/v2\/pages\/427","targetHints":{"allow":["GET"]}}],"collection":[{"href":"https:\/\/www.forss.ee\/fi\/wp-json\/wp\/v2\/pages"}],"about":[{"href":"https:\/\/www.forss.ee\/fi\/wp-json\/wp\/v2\/types\/page"}],"author":[{"embeddable":true,"href":"https:\/\/www.forss.ee\/fi\/wp-json\/wp\/v2\/users\/1"}],"replies":[{"embeddable":true,"href":"https:\/\/www.forss.ee\/fi\/wp-json\/wp\/v2\/comments?post=427"}],"version-history":[{"count":13,"href":"https:\/\/www.forss.ee\/fi\/wp-json\/wp\/v2\/pages\/427\/revisions"}],"predecessor-version":[{"id":7671,"href":"https:\/\/www.forss.ee\/fi\/wp-json\/wp\/v2\/pages\/427\/revisions\/7671"}],"up":[{"embeddable":true,"href":"https:\/\/www.forss.ee\/fi\/wp-json\/wp\/v2\/pages\/397"}],"wp:attachment":[{"href":"https:\/\/www.forss.ee\/fi\/wp-json\/wp\/v2\/media?parent=427"}],"curies":[{"name":"wp","href":"https:\/\/api.w.org\/{rel}","templated":true}]}}