{"id":352,"date":"2014-09-15T11:40:16","date_gmt":"2014-09-15T08:40:16","guid":{"rendered":"https:\/\/www.forss.ee\/?page_id=352"},"modified":"2025-04-09T14:26:19","modified_gmt":"2025-04-09T11:26:19","slug":"korjaukset-ja-huolto","status":"publish","type":"page","link":"https:\/\/www.forss.ee\/fi\/korjaukset-ja-huolto\/","title":{"rendered":"HUOLTAMO"},"content":{"rendered":"<div id=\"pl-352\"  class=\"panel-layout\" ><div id=\"pg-352-0\"  class=\"panel-grid panel-no-style\" ><div id=\"pgc-352-0-0\"  class=\"panel-grid-cell\" ><div id=\"panel-352-0-0-0\" class=\"so-panel widget widget_black-studio-tinymce widget_black_studio_tinymce panel-first-child\" data-index=\"0\" ><div class=\"textwidget\"><p><strong>Forss Autopalvelu: Sinun Volkswagenin, Audin, \u0160kodan, SEAT ja CUPRA asiantuntija <\/strong><\/p>\n<p>Forss Autopalvelu\u00a0<strong>luotettava kumppani joka viidennelle <\/strong>Volkswagenin, Audin, \u0160kodan, SEAT ja CUPRA omistajalle.<\/p>\n<p><strong>Miksi valita Forss?<\/strong><\/p>\n<ol>\n<li><strong>Automerkkiin perustuva palvelu<\/strong>: Me olemme alansa asiantuntijoita \u2013 tied\u00e4mme tarkkaan mit\u00e4, miksi, milloin ja mill\u00e4 tavalla autosi tarvitsee. Olemme yli 30 vuoden toiminnan aikana hankkineet runsaasti kokemuksia ja pystymme ratkaisemaan monimutkaisimmatkin ongelmat.<\/li>\n<li><strong>Huipputason korjaamot<\/strong>: Vaikka olemme harjoittaneet toimintaa kauan ja olemme vanhempiakin kuin uudelleenitsen\u00e4istynyt Viro, on kaikissa edustuksissamme aina ajankohtaiset ja korkealaatuiset varusteet<\/li>\n<li><strong>Erikoisty\u00f6kalut ja lisenssit<\/strong>: Meill\u00e4 on kattava valikoima automerkkiin perustuvia ty\u00f6kaluja ja kaikkien automerkkien palveluun tarvittavat lisenssit, mm. ERWIN- ja ODIS-ohjelmiston k\u00e4ytt\u00f6oikeudet.<\/li>\n<li><strong>Diagnostiset laitteet<\/strong>: K\u00e4yt\u00e4mme ty\u00f6ss\u00e4mme valmistajakohtaisia VAG-diagnostiikkalaitteita, joita k\u00e4ytt\u00e4v\u00e4t my\u00f6s automerkkien viralliset edustukset ja t\u00e4m\u00e4 takaa meille edustusten kanssa samat mahdollisuudet suorittaa erilaisia \u200b\u200bt\u00f6it\u00e4.<\/li>\n<li><strong>Suuri varaosavarasto<\/strong>: Tarjoamme laajan valikoiman varaosia, sek\u00e4 alkuper\u00e4isi\u00e4 (OE) ett\u00e4 edullisempia korvaavia tuotteita. Todenn\u00e4k\u00f6isesti on eniten kysytyt tuotteet aina varastossa ja jokainen edustus voi heti tarjota tarvittavan varaosan eri hintaluokissa.<\/li>\n<li><strong>Me v\u00e4lit\u00e4mme ymp\u00e4rist\u00f6st\u00e4<\/strong>: Ongelmaj\u00e4tteiden k\u00e4sittelyss\u00e4 varmistamme yhteisty\u00f6ss\u00e4 Ragn Sells:in kanssa niiden ker\u00e4yksen ja k\u00e4sittelyn oikealla tavalla. Tietysti ker\u00e4\u00e4mme lajeittain kaikkia muitakin j\u00e4tteit\u00e4 ja pakkauksia kierr\u00e4t\u00e4mme ja k\u00e4sittelemme jopa talon sis\u00e4ll\u00e4. Kaikissa korjaamoissa on viem\u00e4ri varustettu \u00f6ljylukoilla ja k\u00e4yt\u00f6ss\u00e4 ovat vanhan \u00f6ljyn ker\u00e4yss\u00e4ili\u00f6t. Ongelmaj\u00e4tteiden joutuminen ymp\u00e4rist\u00f6\u00f6n on sill\u00e4 poissuljettu. Tuotamme aurinkopaneeleilla osan k\u00e4ytt\u00e4m\u00e4st\u00e4mme s\u00e4hk\u00f6st\u00e4.<\/li>\n<\/ol>\n<p><strong>Meid\u00e4n edustukset<\/strong><\/p>\n<ol>\n<li><strong><a href=\"https:\/\/www.forss.ee\/fi\/kontakt\/tallinn\/\">Mooni edustus<\/a> \u2013 Tallinn, Kristiine Mooni 30<\/strong><\/li>\n<li><strong><a href=\"https:\/\/www.forss.ee\/fi\/kontakt\/peetri-2\/\">Peetri edustus<\/a> \u2013 Harjumaa, Peetri alevik Allika tee 12<\/strong><\/li>\n<li><strong><a href=\"https:\/\/www.forss.ee\/fi\/kontakt\/tahesaju\/\">T\u00e4hesaju edustus<\/a> \u2013 Tallinn, Lasnam\u00e4e T\u00e4hesaju tee 7<\/strong><\/li>\n<li><strong><a href=\"https:\/\/www.forss.ee\/fi\/kontakt\/tartu\/\">Tartu edustus<\/a> \u2013 Tartu, Aardla 23c<\/strong><\/li>\n<\/ol>\n<p>&nbsp;<\/p>\n<\/div><\/div><div id=\"panel-352-0-0-1\" class=\"so-panel widget widget_black-studio-tinymce widget_black_studio_tinymce panel-last-child\" data-index=\"1\" ><div class=\"textwidget\"><p><div id=\"attachment_1060\" style=\"width: 310px\" class=\"wp-caption alignleft\"><a href=\"https:\/\/www.forss.ee\/wp-content\/uploads\/2014\/08\/Q8Q6425-copy.jpg\"><img decoding=\"async\" aria-describedby=\"caption-attachment-1060\" class=\"size-medium wp-image-1060\" src=\"https:\/\/www.forss.ee\/wp-content\/uploads\/2014\/08\/Q8Q6425-copy-300x200.jpg\" alt=\"Forss korjaamo\" width=\"300\" height=\"200\" srcset=\"https:\/\/www.forss.ee\/wp-content\/uploads\/2014\/08\/Q8Q6425-copy-300x200.jpg 300w, https:\/\/www.forss.ee\/wp-content\/uploads\/2014\/08\/Q8Q6425-copy-768x512.jpg 768w, https:\/\/www.forss.ee\/wp-content\/uploads\/2014\/08\/Q8Q6425-copy-1024x683.jpg 1024w, https:\/\/www.forss.ee\/wp-content\/uploads\/2014\/08\/Q8Q6425-copy-272x182.jpg 272w, https:\/\/www.forss.ee\/wp-content\/uploads\/2014\/08\/Q8Q6425-copy.jpg 1200w\" sizes=\"(max-width: 300px) 100vw, 300px\" \/><\/a><p id=\"caption-attachment-1060\" class=\"wp-caption-text\">Forss korjaamo<\/p><\/div> <div id=\"attachment_179\" style=\"width: 310px\" class=\"wp-caption alignleft\"><a href=\"https:\/\/www.forss.ee\/wp-content\/uploads\/2014\/08\/Kohvik_72dpi.jpg\"><img decoding=\"async\" aria-describedby=\"caption-attachment-179\" class=\"size-medium wp-image-179\" src=\"https:\/\/www.forss.ee\/wp-content\/uploads\/2014\/08\/Kohvik_72dpi-300x200.jpg\" alt=\"Forss kahvila\" width=\"300\" height=\"200\" srcset=\"https:\/\/www.forss.ee\/wp-content\/uploads\/2014\/08\/Kohvik_72dpi-300x200.jpg 300w, https:\/\/www.forss.ee\/wp-content\/uploads\/2014\/08\/Kohvik_72dpi-768x512.jpg 768w, https:\/\/www.forss.ee\/wp-content\/uploads\/2014\/08\/Kohvik_72dpi-1024x683.jpg 1024w, https:\/\/www.forss.ee\/wp-content\/uploads\/2014\/08\/Kohvik_72dpi-272x182.jpg 272w, https:\/\/www.forss.ee\/wp-content\/uploads\/2014\/08\/Kohvik_72dpi.jpg 1134w\" sizes=\"(max-width: 300px) 100vw, 300px\" \/><\/a><p id=\"caption-attachment-179\" class=\"wp-caption-text\">Forss kahvila<\/p><\/div><\/p>\n<p><a href=\"https:\/\/www.forss.ee\/wp-content\/uploads\/2014\/08\/Q8Q6552.jpg\"><img decoding=\"async\" class=\"size-medium wp-image-1091\" src=\"https:\/\/www.forss.ee\/wp-content\/uploads\/2014\/08\/Q8Q6552-300x200.jpg\" alt=\"The caf\u00e9\u2019s outdoor terrace\" width=\"300\" height=\"200\" srcset=\"https:\/\/www.forss.ee\/wp-content\/uploads\/2014\/08\/Q8Q6552-300x200.jpg 300w, https:\/\/www.forss.ee\/wp-content\/uploads\/2014\/08\/Q8Q6552-768x512.jpg 768w, https:\/\/www.forss.ee\/wp-content\/uploads\/2014\/08\/Q8Q6552-1024x683.jpg 1024w, https:\/\/www.forss.ee\/wp-content\/uploads\/2014\/08\/Q8Q6552-272x182.jpg 272w, https:\/\/www.forss.ee\/wp-content\/uploads\/2014\/08\/Q8Q6552.jpg 1200w\" sizes=\"(max-width: 300px) 100vw, 300px\" \/><\/a><\/p>\n<p>&nbsp;<\/p>\n<\/div><\/div><\/div><\/div><\/div>","protected":false},"excerpt":{"rendered":"<p>Forss Autopalvelu: Sinun Volkswagenin, Audin, \u0160kodan, SEAT ja CUPRA asiantuntija Forss Autopalvelu\u00a0luotettava kumppani joka viidennelle Volkswagenin, Audin, \u0160kodan, SEAT ja CUPRA omistajalle. Miksi valita Forss?&#8230;<\/p>\n","protected":false},"author":1,"featured_media":0,"parent":0,"menu_order":45,"comment_status":"closed","ping_status":"closed","template":"page-templates\/submenu-template.php","meta":{"_acf_changed":false,"_monsterinsights_skip_tracking":false,"_monsterinsights_sitenote_active":false,"_monsterinsights_sitenote_note":"","_monsterinsights_sitenote_category":0,"footnotes":"","_links_to":"","_links_to_target":""},"class_list":["post-352","page","type-page","status-publish","hentry"],"acf":[],"yoast_head":"<!-- This site is optimized with the Yoast SEO plugin v27.5 - https:\/\/yoast.com\/product\/yoast-seo-wordpress\/ -->\n<title>HUOLTAMO - Forss<\/title>\n<meta name=\"robots\" content=\"index, follow, max-snippet:-1, max-image-preview:large, max-video-preview:-1\" \/>\n<link rel=\"canonical\" href=\"https:\/\/www.forss.ee\/fi\/korjaukset-ja-huolto\/\" \/>\n<meta property=\"og:locale\" content=\"fi_FI\" \/>\n<meta property=\"og:type\" content=\"article\" \/>\n<meta property=\"og:title\" content=\"HUOLTAMO - Forss\" \/>\n<meta property=\"og:description\" content=\"Forss Autopalvelu: Sinun Volkswagenin, Audin, \u0160kodan, SEAT ja CUPRA asiantuntija Forss Autopalvelu\u00a0luotettava kumppani joka viidennelle Volkswagenin, Audin, \u0160kodan, SEAT ja CUPRA omistajalle. Miksi valita Forss?...\" \/>\n<meta property=\"og:url\" content=\"https:\/\/www.forss.ee\/fi\/korjaukset-ja-huolto\/\" \/>\n<meta property=\"og:site_name\" content=\"Forss\" \/>\n<meta property=\"article:modified_time\" content=\"2025-04-09T11:26:19+00:00\" \/>\n<meta property=\"og:image\" content=\"https:\/\/www.forss.ee\/wp-content\/uploads\/2014\/08\/Q8Q6425-copy.jpg\" \/>\n\t<meta property=\"og:image:width\" content=\"1200\" \/>\n\t<meta property=\"og:image:height\" content=\"800\" \/>\n\t<meta property=\"og:image:type\" content=\"image\/jpeg\" \/>\n<meta name=\"twitter:label1\" content=\"Arvioitu lukuaika\" \/>\n\t<meta name=\"twitter:data1\" content=\"3 minuuttia\" \/>\n<script type=\"application\/ld+json\" class=\"yoast-schema-graph\">{\"@context\":\"https:\\\/\\\/schema.org\",\"@graph\":[{\"@type\":\"WebPage\",\"@id\":\"https:\\\/\\\/www.forss.ee\\\/fi\\\/korjaukset-ja-huolto\\\/\",\"url\":\"https:\\\/\\\/www.forss.ee\\\/fi\\\/korjaukset-ja-huolto\\\/\",\"name\":\"HUOLTAMO - Forss\",\"isPartOf\":{\"@id\":\"https:\\\/\\\/www.forss.ee\\\/#website\"},\"primaryImageOfPage\":{\"@id\":\"https:\\\/\\\/www.forss.ee\\\/fi\\\/korjaukset-ja-huolto\\\/#primaryimage\"},\"image\":{\"@id\":\"https:\\\/\\\/www.forss.ee\\\/fi\\\/korjaukset-ja-huolto\\\/#primaryimage\"},\"thumbnailUrl\":\"https:\\\/\\\/www.forss.ee\\\/wp-content\\\/uploads\\\/2014\\\/08\\\/Q8Q6425-copy-300x200.jpg\",\"datePublished\":\"2014-09-15T08:40:16+00:00\",\"dateModified\":\"2025-04-09T11:26:19+00:00\",\"breadcrumb\":{\"@id\":\"https:\\\/\\\/www.forss.ee\\\/fi\\\/korjaukset-ja-huolto\\\/#breadcrumb\"},\"inLanguage\":\"fi\",\"potentialAction\":[{\"@type\":\"ReadAction\",\"target\":[\"https:\\\/\\\/www.forss.ee\\\/fi\\\/korjaukset-ja-huolto\\\/\"]}]},{\"@type\":\"ImageObject\",\"inLanguage\":\"fi\",\"@id\":\"https:\\\/\\\/www.forss.ee\\\/fi\\\/korjaukset-ja-huolto\\\/#primaryimage\",\"url\":\"https:\\\/\\\/www.forss.ee\\\/wp-content\\\/uploads\\\/2014\\\/08\\\/Q8Q6425-copy-300x200.jpg\",\"contentUrl\":\"https:\\\/\\\/www.forss.ee\\\/wp-content\\\/uploads\\\/2014\\\/08\\\/Q8Q6425-copy-300x200.jpg\"},{\"@type\":\"BreadcrumbList\",\"@id\":\"https:\\\/\\\/www.forss.ee\\\/fi\\\/korjaukset-ja-huolto\\\/#breadcrumb\",\"itemListElement\":[{\"@type\":\"ListItem\",\"position\":1,\"name\":\"Home\",\"item\":\"https:\\\/\\\/www.forss.ee\\\/fi\\\/\"},{\"@type\":\"ListItem\",\"position\":2,\"name\":\"HUOLTAMO\"}]},{\"@type\":\"WebSite\",\"@id\":\"https:\\\/\\\/www.forss.ee\\\/#website\",\"url\":\"https:\\\/\\\/www.forss.ee\\\/\",\"name\":\"Forss\",\"description\":\"Forss: autospordi kogemusega meeskond\",\"potentialAction\":[{\"@type\":\"SearchAction\",\"target\":{\"@type\":\"EntryPoint\",\"urlTemplate\":\"https:\\\/\\\/www.forss.ee\\\/?s={search_term_string}\"},\"query-input\":{\"@type\":\"PropertyValueSpecification\",\"valueRequired\":true,\"valueName\":\"search_term_string\"}}],\"inLanguage\":\"fi\"}]}<\/script>\n<!-- \/ Yoast SEO plugin. -->","yoast_head_json":{"title":"HUOLTAMO - Forss","robots":{"index":"index","follow":"follow","max-snippet":"max-snippet:-1","max-image-preview":"max-image-preview:large","max-video-preview":"max-video-preview:-1"},"canonical":"https:\/\/www.forss.ee\/fi\/korjaukset-ja-huolto\/","og_locale":"fi_FI","og_type":"article","og_title":"HUOLTAMO - Forss","og_description":"Forss Autopalvelu: Sinun Volkswagenin, Audin, \u0160kodan, SEAT ja CUPRA asiantuntija Forss Autopalvelu\u00a0luotettava kumppani joka viidennelle Volkswagenin, Audin, \u0160kodan, SEAT ja CUPRA omistajalle. Miksi valita Forss?...","og_url":"https:\/\/www.forss.ee\/fi\/korjaukset-ja-huolto\/","og_site_name":"Forss","article_modified_time":"2025-04-09T11:26:19+00:00","og_image":[{"width":1200,"height":800,"url":"https:\/\/www.forss.ee\/wp-content\/uploads\/2014\/08\/Q8Q6425-copy.jpg","type":"image\/jpeg"}],"twitter_misc":{"Arvioitu lukuaika":"3 minuuttia"},"schema":{"@context":"https:\/\/schema.org","@graph":[{"@type":"WebPage","@id":"https:\/\/www.forss.ee\/fi\/korjaukset-ja-huolto\/","url":"https:\/\/www.forss.ee\/fi\/korjaukset-ja-huolto\/","name":"HUOLTAMO - Forss","isPartOf":{"@id":"https:\/\/www.forss.ee\/#website"},"primaryImageOfPage":{"@id":"https:\/\/www.forss.ee\/fi\/korjaukset-ja-huolto\/#primaryimage"},"image":{"@id":"https:\/\/www.forss.ee\/fi\/korjaukset-ja-huolto\/#primaryimage"},"thumbnailUrl":"https:\/\/www.forss.ee\/wp-content\/uploads\/2014\/08\/Q8Q6425-copy-300x200.jpg","datePublished":"2014-09-15T08:40:16+00:00","dateModified":"2025-04-09T11:26:19+00:00","breadcrumb":{"@id":"https:\/\/www.forss.ee\/fi\/korjaukset-ja-huolto\/#breadcrumb"},"inLanguage":"fi","potentialAction":[{"@type":"ReadAction","target":["https:\/\/www.forss.ee\/fi\/korjaukset-ja-huolto\/"]}]},{"@type":"ImageObject","inLanguage":"fi","@id":"https:\/\/www.forss.ee\/fi\/korjaukset-ja-huolto\/#primaryimage","url":"https:\/\/www.forss.ee\/wp-content\/uploads\/2014\/08\/Q8Q6425-copy-300x200.jpg","contentUrl":"https:\/\/www.forss.ee\/wp-content\/uploads\/2014\/08\/Q8Q6425-copy-300x200.jpg"},{"@type":"BreadcrumbList","@id":"https:\/\/www.forss.ee\/fi\/korjaukset-ja-huolto\/#breadcrumb","itemListElement":[{"@type":"ListItem","position":1,"name":"Home","item":"https:\/\/www.forss.ee\/fi\/"},{"@type":"ListItem","position":2,"name":"HUOLTAMO"}]},{"@type":"WebSite","@id":"https:\/\/www.forss.ee\/#website","url":"https:\/\/www.forss.ee\/","name":"Forss","description":"Forss: autospordi kogemusega meeskond","potentialAction":[{"@type":"SearchAction","target":{"@type":"EntryPoint","urlTemplate":"https:\/\/www.forss.ee\/?s={search_term_string}"},"query-input":{"@type":"PropertyValueSpecification","valueRequired":true,"valueName":"search_term_string"}}],"inLanguage":"fi"}]}},"_links":{"self":[{"href":"https:\/\/www.forss.ee\/fi\/wp-json\/wp\/v2\/pages\/352","targetHints":{"allow":["GET"]}}],"collection":[{"href":"https:\/\/www.forss.ee\/fi\/wp-json\/wp\/v2\/pages"}],"about":[{"href":"https:\/\/www.forss.ee\/fi\/wp-json\/wp\/v2\/types\/page"}],"author":[{"embeddable":true,"href":"https:\/\/www.forss.ee\/fi\/wp-json\/wp\/v2\/users\/1"}],"replies":[{"embeddable":true,"href":"https:\/\/www.forss.ee\/fi\/wp-json\/wp\/v2\/comments?post=352"}],"version-history":[{"count":15,"href":"https:\/\/www.forss.ee\/fi\/wp-json\/wp\/v2\/pages\/352\/revisions"}],"predecessor-version":[{"id":7247,"href":"https:\/\/www.forss.ee\/fi\/wp-json\/wp\/v2\/pages\/352\/revisions\/7247"}],"wp:attachment":[{"href":"https:\/\/www.forss.ee\/fi\/wp-json\/wp\/v2\/media?parent=352"}],"curies":[{"name":"wp","href":"https:\/\/api.w.org\/{rel}","templated":true}]}}