{"id":333,"date":"2014-08-21T12:57:21","date_gmt":"2014-08-21T09:57:21","guid":{"rendered":"https:\/\/www.forss.ee\/autovaruosad-2\/"},"modified":"2024-04-02T15:29:07","modified_gmt":"2024-04-02T12:29:07","slug":"autovaruosad","status":"publish","type":"page","link":"https:\/\/www.forss.ee\/fi\/autovaruosad\/","title":{"rendered":"AUTOVARAOSAT"},"content":{"rendered":"<h3>Laaja valikoima autojen varaosia VW, AUDI, \u0160KODA, SEAT, BMW ja OPEL -mallisiin ajoneuvoihin maailmanlaajuisesti tunnetuilta valmistajilta<\/h3>\n<p>&nbsp;<\/p>\n<p>Tarjoamme asiakkaalle suuremman valinnanvapauden mahdollistamiseen alkuper\u00e4isten varaosien lis\u00e4ksi my\u00f6s laajassa valikoimassa B-ryhm\u00e4n varaosia. Olemme varanneet yli 30 vuoden kokemuksen turvin varastoihin alkuper\u00e4isten varaosien lis\u00e4ksi my\u00f6s mahdollisimman laadukkaiden ja luotettavien valmistajien tuotteita.\u00a0<\/p>\n<div id=\"attachment_1011\" style=\"width: 310px\" class=\"wp-caption alignleft\"><a href=\"https:\/\/www.forss.ee\/wp-content\/uploads\/2014\/08\/Tartu_kauplus_2-300x205.jpg\"><img decoding=\"async\" aria-describedby=\"caption-attachment-1011\" class=\"wp-image-3761 size-medium\" src=\"https:\/\/www.forss.ee\/wp-content\/uploads\/2014\/08\/Tartu_kauplus_2-300x205.jpg\" alt=\"Tarton myym\u00e4l\u00e4\" width=\"300\" height=\"205\" srcset=\"https:\/\/www.forss.ee\/wp-content\/uploads\/2014\/08\/Tartu_kauplus_2-300x205.jpg 300w, https:\/\/www.forss.ee\/wp-content\/uploads\/2014\/08\/Tartu_kauplus_2-768x525.jpg 768w, https:\/\/www.forss.ee\/wp-content\/uploads\/2014\/08\/Tartu_kauplus_2-1024x700.jpg 1024w\" sizes=\"(max-width: 300px) 100vw, 300px\" \/><\/a><p id=\"caption-attachment-1011\" class=\"wp-caption-text\">Tarton myym\u00e4l\u00e4<\/p><\/div>\n<p>Pid\u00e4mme t\u00e4rke\u00e4n\u00e4, ett\u00e4 asiakas saa tarvitsemansa tuotteen mahdollisimman nopeasti. Olemme sit\u00e4 varten varanneet varastoihimme runsaat 30 tuhatta nimikett\u00e4 erilaisia varaosia, joita voidaan hankkia kaikista meid\u00e4n toimipisteit\u00e4.<\/p>\n<p>Forss on avannut t\u00e4h\u00e4n menness\u00e4 asiakkailleen nelj\u00e4 varaosamyym\u00e4l\u00e4\u00e4 (Tallinnassa <a href=\"https:\/\/www.forss.ee\/kontakt\/tallinn\/?lang=fi\" target=\"_blank\" rel=\"noopener\"><span style=\"color: #3366ff;\">Kristiinen<\/span><\/a> ja <a href=\"https:\/\/www.forss.ee\/kontakt\/tahesaju\/?lang=fi\" target=\"_blank\" rel=\"noopener\"><span style=\"color: #3366ff;\">Lasnam\u00e4en<\/span><\/a> kaupunginosissa, <a href=\"https:\/\/www.forss.ee\/kontakt\/peetri-2\/?lang=fi\" target=\"_blank\" rel=\"noopener\"><span style=\"color: #3366ff;\">Peetriss\u00e4<\/span><\/a> Tallinnan l\u00e4hell\u00e4 ja <a href=\"https:\/\/www.forss.ee\/kontakt\/tartu\/?lang=fi\" target=\"_blank\" rel=\"noopener\"><span style=\"color: #3366ff;\">Tartossa<\/span><\/a>), jossa asiakkaiden apuna ovat ammattitaitoiset myyntikonsultit.<\/p>\n<p>Jos haluatte varaosia, on parasta pyyt\u00e4\u00e4 ensin tarjous. Forssin tarjouspyynt\u00f6lomakkeen voi t\u00e4ytt\u00e4\u00e4 <a href=\"https:\/\/www.forss.ee\/autovaruosad\/varaosakysely\/?lang=fi\" target=\"_blank\" rel=\"noopener\"><span style=\"color: #3366ff;\">t\u00e4ss\u00e4<\/span><\/a>.<\/p>\n<p>Halutessa voimme hakea asiakkaan tarvitseman varaosan muulta toimittajalta, siihen saa apua meid\u00e4n <a href=\"https:\/\/forss24.ee\/\" target=\"_blank\" rel=\"noopener\"><span style=\"color: #3366ff;\">tilauskeskuksesta<\/span><\/a>. Lis\u00e4ksi tarjoamme mahdollisuutta tilauksen toimittamiseen asiakkaan valitsemaan pakettiautomaattiin.<\/p>\n<p>&nbsp;<\/p>\n<p><strong>Varastossamme ovat jatkuvasti edustettuina seuraavat tavaramerkit:<\/strong><\/p>\n","protected":false},"excerpt":{"rendered":"<p>Laaja valikoima autojen varaosia VW, AUDI, \u0160KODA, SEAT, BMW ja OPEL -mallisiin ajoneuvoihin maailmanlaajuisesti tunnetuilta valmistajilta &nbsp; Tarjoamme asiakkaalle suuremman valinnanvapauden mahdollistamiseen alkuper\u00e4isten varaosien lis\u00e4ksi&#8230;<\/p>\n","protected":false},"author":1,"featured_media":0,"parent":0,"menu_order":40,"comment_status":"closed","ping_status":"closed","template":"page-templates\/partners-template.php","meta":{"_acf_changed":false,"_monsterinsights_skip_tracking":false,"_monsterinsights_sitenote_active":false,"_monsterinsights_sitenote_note":"","_monsterinsights_sitenote_category":0,"footnotes":"","_links_to":"","_links_to_target":""},"class_list":["post-333","page","type-page","status-publish","hentry"],"acf":[],"yoast_head":"<!-- This site is optimized with the Yoast SEO plugin v27.5 - https:\/\/yoast.com\/product\/yoast-seo-wordpress\/ -->\n<title>AUTOVARAOSAT - Forss<\/title>\n<meta name=\"robots\" content=\"index, follow, max-snippet:-1, max-image-preview:large, max-video-preview:-1\" \/>\n<link rel=\"canonical\" href=\"https:\/\/www.forss.ee\/fi\/autovaruosad\/\" \/>\n<meta property=\"og:locale\" content=\"fi_FI\" \/>\n<meta property=\"og:type\" content=\"article\" \/>\n<meta property=\"og:title\" content=\"AUTOVARAOSAT - Forss\" \/>\n<meta property=\"og:description\" content=\"Laaja valikoima autojen varaosia VW, AUDI, \u0160KODA, SEAT, BMW ja OPEL -mallisiin ajoneuvoihin maailmanlaajuisesti tunnetuilta valmistajilta &nbsp; Tarjoamme asiakkaalle suuremman valinnanvapauden mahdollistamiseen alkuper\u00e4isten varaosien lis\u00e4ksi...\" \/>\n<meta property=\"og:url\" content=\"https:\/\/www.forss.ee\/fi\/autovaruosad\/\" \/>\n<meta property=\"og:site_name\" content=\"Forss\" \/>\n<meta property=\"article:modified_time\" content=\"2024-04-02T12:29:07+00:00\" \/>\n<meta property=\"og:image\" content=\"https:\/\/www.forss.ee\/wp-content\/uploads\/2014\/08\/Tartu_kauplus_2-300x205.jpg\" \/>\n<meta name=\"twitter:label1\" content=\"Arvioitu lukuaika\" \/>\n\t<meta name=\"twitter:data1\" content=\"1 minuutti\" \/>\n<script type=\"application\/ld+json\" class=\"yoast-schema-graph\">{\"@context\":\"https:\\\/\\\/schema.org\",\"@graph\":[{\"@type\":\"WebPage\",\"@id\":\"https:\\\/\\\/www.forss.ee\\\/fi\\\/autovaruosad\\\/\",\"url\":\"https:\\\/\\\/www.forss.ee\\\/fi\\\/autovaruosad\\\/\",\"name\":\"AUTOVARAOSAT - Forss\",\"isPartOf\":{\"@id\":\"https:\\\/\\\/www.forss.ee\\\/#website\"},\"primaryImageOfPage\":{\"@id\":\"https:\\\/\\\/www.forss.ee\\\/fi\\\/autovaruosad\\\/#primaryimage\"},\"image\":{\"@id\":\"https:\\\/\\\/www.forss.ee\\\/fi\\\/autovaruosad\\\/#primaryimage\"},\"thumbnailUrl\":\"https:\\\/\\\/www.forss.ee\\\/wp-content\\\/uploads\\\/2014\\\/08\\\/Tartu_kauplus_2-300x205.jpg\",\"datePublished\":\"2014-08-21T09:57:21+00:00\",\"dateModified\":\"2024-04-02T12:29:07+00:00\",\"breadcrumb\":{\"@id\":\"https:\\\/\\\/www.forss.ee\\\/fi\\\/autovaruosad\\\/#breadcrumb\"},\"inLanguage\":\"fi\",\"potentialAction\":[{\"@type\":\"ReadAction\",\"target\":[\"https:\\\/\\\/www.forss.ee\\\/fi\\\/autovaruosad\\\/\"]}]},{\"@type\":\"ImageObject\",\"inLanguage\":\"fi\",\"@id\":\"https:\\\/\\\/www.forss.ee\\\/fi\\\/autovaruosad\\\/#primaryimage\",\"url\":\"https:\\\/\\\/www.forss.ee\\\/wp-content\\\/uploads\\\/2014\\\/08\\\/Tartu_kauplus_2-300x205.jpg\",\"contentUrl\":\"https:\\\/\\\/www.forss.ee\\\/wp-content\\\/uploads\\\/2014\\\/08\\\/Tartu_kauplus_2-300x205.jpg\"},{\"@type\":\"BreadcrumbList\",\"@id\":\"https:\\\/\\\/www.forss.ee\\\/fi\\\/autovaruosad\\\/#breadcrumb\",\"itemListElement\":[{\"@type\":\"ListItem\",\"position\":1,\"name\":\"Home\",\"item\":\"https:\\\/\\\/www.forss.ee\\\/fi\\\/\"},{\"@type\":\"ListItem\",\"position\":2,\"name\":\"AUTOVARAOSAT\"}]},{\"@type\":\"WebSite\",\"@id\":\"https:\\\/\\\/www.forss.ee\\\/#website\",\"url\":\"https:\\\/\\\/www.forss.ee\\\/\",\"name\":\"Forss\",\"description\":\"Forss: autospordi kogemusega meeskond\",\"potentialAction\":[{\"@type\":\"SearchAction\",\"target\":{\"@type\":\"EntryPoint\",\"urlTemplate\":\"https:\\\/\\\/www.forss.ee\\\/?s={search_term_string}\"},\"query-input\":{\"@type\":\"PropertyValueSpecification\",\"valueRequired\":true,\"valueName\":\"search_term_string\"}}],\"inLanguage\":\"fi\"}]}<\/script>\n<!-- \/ Yoast SEO plugin. -->","yoast_head_json":{"title":"AUTOVARAOSAT - Forss","robots":{"index":"index","follow":"follow","max-snippet":"max-snippet:-1","max-image-preview":"max-image-preview:large","max-video-preview":"max-video-preview:-1"},"canonical":"https:\/\/www.forss.ee\/fi\/autovaruosad\/","og_locale":"fi_FI","og_type":"article","og_title":"AUTOVARAOSAT - Forss","og_description":"Laaja valikoima autojen varaosia VW, AUDI, \u0160KODA, SEAT, BMW ja OPEL -mallisiin ajoneuvoihin maailmanlaajuisesti tunnetuilta valmistajilta &nbsp; Tarjoamme asiakkaalle suuremman valinnanvapauden mahdollistamiseen alkuper\u00e4isten varaosien lis\u00e4ksi...","og_url":"https:\/\/www.forss.ee\/fi\/autovaruosad\/","og_site_name":"Forss","article_modified_time":"2024-04-02T12:29:07+00:00","og_image":[{"url":"https:\/\/www.forss.ee\/wp-content\/uploads\/2014\/08\/Tartu_kauplus_2-300x205.jpg","type":"","width":"","height":""}],"twitter_misc":{"Arvioitu lukuaika":"1 minuutti"},"schema":{"@context":"https:\/\/schema.org","@graph":[{"@type":"WebPage","@id":"https:\/\/www.forss.ee\/fi\/autovaruosad\/","url":"https:\/\/www.forss.ee\/fi\/autovaruosad\/","name":"AUTOVARAOSAT - Forss","isPartOf":{"@id":"https:\/\/www.forss.ee\/#website"},"primaryImageOfPage":{"@id":"https:\/\/www.forss.ee\/fi\/autovaruosad\/#primaryimage"},"image":{"@id":"https:\/\/www.forss.ee\/fi\/autovaruosad\/#primaryimage"},"thumbnailUrl":"https:\/\/www.forss.ee\/wp-content\/uploads\/2014\/08\/Tartu_kauplus_2-300x205.jpg","datePublished":"2014-08-21T09:57:21+00:00","dateModified":"2024-04-02T12:29:07+00:00","breadcrumb":{"@id":"https:\/\/www.forss.ee\/fi\/autovaruosad\/#breadcrumb"},"inLanguage":"fi","potentialAction":[{"@type":"ReadAction","target":["https:\/\/www.forss.ee\/fi\/autovaruosad\/"]}]},{"@type":"ImageObject","inLanguage":"fi","@id":"https:\/\/www.forss.ee\/fi\/autovaruosad\/#primaryimage","url":"https:\/\/www.forss.ee\/wp-content\/uploads\/2014\/08\/Tartu_kauplus_2-300x205.jpg","contentUrl":"https:\/\/www.forss.ee\/wp-content\/uploads\/2014\/08\/Tartu_kauplus_2-300x205.jpg"},{"@type":"BreadcrumbList","@id":"https:\/\/www.forss.ee\/fi\/autovaruosad\/#breadcrumb","itemListElement":[{"@type":"ListItem","position":1,"name":"Home","item":"https:\/\/www.forss.ee\/fi\/"},{"@type":"ListItem","position":2,"name":"AUTOVARAOSAT"}]},{"@type":"WebSite","@id":"https:\/\/www.forss.ee\/#website","url":"https:\/\/www.forss.ee\/","name":"Forss","description":"Forss: autospordi kogemusega meeskond","potentialAction":[{"@type":"SearchAction","target":{"@type":"EntryPoint","urlTemplate":"https:\/\/www.forss.ee\/?s={search_term_string}"},"query-input":{"@type":"PropertyValueSpecification","valueRequired":true,"valueName":"search_term_string"}}],"inLanguage":"fi"}]}},"_links":{"self":[{"href":"https:\/\/www.forss.ee\/fi\/wp-json\/wp\/v2\/pages\/333","targetHints":{"allow":["GET"]}}],"collection":[{"href":"https:\/\/www.forss.ee\/fi\/wp-json\/wp\/v2\/pages"}],"about":[{"href":"https:\/\/www.forss.ee\/fi\/wp-json\/wp\/v2\/types\/page"}],"author":[{"embeddable":true,"href":"https:\/\/www.forss.ee\/fi\/wp-json\/wp\/v2\/users\/1"}],"replies":[{"embeddable":true,"href":"https:\/\/www.forss.ee\/fi\/wp-json\/wp\/v2\/comments?post=333"}],"version-history":[{"count":24,"href":"https:\/\/www.forss.ee\/fi\/wp-json\/wp\/v2\/pages\/333\/revisions"}],"predecessor-version":[{"id":7073,"href":"https:\/\/www.forss.ee\/fi\/wp-json\/wp\/v2\/pages\/333\/revisions\/7073"}],"wp:attachment":[{"href":"https:\/\/www.forss.ee\/fi\/wp-json\/wp\/v2\/media?parent=333"}],"curies":[{"name":"wp","href":"https:\/\/api.w.org\/{rel}","templated":true}]}}